{"id":1814,"date":"2024-09-08T16:19:42","date_gmt":"2024-09-08T16:19:42","guid":{"rendered":"https:\/\/sportverein-hausen.de\/?page_id=1814"},"modified":"2025-09-16T09:27:46","modified_gmt":"2025-09-16T09:27:46","slug":"wirbelkinder","status":"publish","type":"page","link":"https:\/\/sportverein-hausen.de\/index.php\/wirbelkinder\/","title":{"rendered":"Wirbelkinder"},"content":{"rendered":"\n<h2 class=\"wp-block-heading\">WIRBELKINDER &#8211; SPRACHE UND BEWEGUNG\u00a0\u00a0\u00a0\u00a0\u00a0\u00a0\u00a0\u00a0\u00a0\u00a0\u00a0\u00a0\u00a0MIT PSYCHOMOTORISCHEN ELEMENTEN<\/h2>\n\n\n\n<p>Unsere Kursgruppe&nbsp;<em>WIRBELKINDER&nbsp;<\/em>richtet sich an Kinder im Alter von 3 bis 4 Jahren. Momentan besuchen 17 Kinder den Kurs. Im Mittelpunkt des Kurses stehen Sprache und Bewegung \u2013 verbunden mit psychomotorischen Elementen. <br>Wir f\u00f6rdern Wahrnehmung, Motorik, Sprache, Fantasie und das soziale Miteinander. Alles Bereiche werden spielerisch in Bewegungseinheiten eingebunden und sollen Spa\u00df an Bewegung vermitteln.<\/p>\n\n\n\n<div class=\"wp-block-columns is-layout-flex wp-container-core-columns-is-layout-9d6595d7 wp-block-columns-is-layout-flex\">\n<div class=\"wp-block-column is-layout-flow wp-block-column-is-layout-flow\">\n<figure class=\"wp-block-image size-large\"><img loading=\"lazy\" decoding=\"async\" width=\"1280\" height=\"1010\" src=\"https:\/\/sportverein-hausen.de\/wp-content\/uploads\/2025\/09\/WK_Weihnachtsputz-1280x1010.jpeg\" alt=\"\" class=\"wp-image-2604\" srcset=\"https:\/\/sportverein-hausen.de\/wp-content\/uploads\/2025\/09\/WK_Weihnachtsputz-1280x1010.jpeg 1280w, https:\/\/sportverein-hausen.de\/wp-content\/uploads\/2025\/09\/WK_Weihnachtsputz-800x631.jpeg 800w, https:\/\/sportverein-hausen.de\/wp-content\/uploads\/2025\/09\/WK_Weihnachtsputz-400x316.jpeg 400w, https:\/\/sportverein-hausen.de\/wp-content\/uploads\/2025\/09\/WK_Weihnachtsputz-768x606.jpeg 768w, https:\/\/sportverein-hausen.de\/wp-content\/uploads\/2025\/09\/WK_Weihnachtsputz.jpeg 1360w\" sizes=\"auto, (max-width: 1280px) 100vw, 1280px\" \/><\/figure>\n<\/div>\n\n\n\n<div class=\"wp-block-column is-layout-flow wp-block-column-is-layout-flow\">\n<figure class=\"wp-block-image size-full\"><img loading=\"lazy\" decoding=\"async\" width=\"1183\" height=\"910\" src=\"https:\/\/sportverein-hausen.de\/wp-content\/uploads\/2025\/09\/WK_Wintertiere.jpeg\" alt=\"\" class=\"wp-image-2606\" srcset=\"https:\/\/sportverein-hausen.de\/wp-content\/uploads\/2025\/09\/WK_Wintertiere.jpeg 1183w, https:\/\/sportverein-hausen.de\/wp-content\/uploads\/2025\/09\/WK_Wintertiere-800x615.jpeg 800w, https:\/\/sportverein-hausen.de\/wp-content\/uploads\/2025\/09\/WK_Wintertiere-400x308.jpeg 400w, https:\/\/sportverein-hausen.de\/wp-content\/uploads\/2025\/09\/WK_Wintertiere-768x591.jpeg 768w\" sizes=\"auto, (max-width: 1183px) 100vw, 1183px\" \/><\/figure>\n<\/div>\n<\/div>\n\n\n\n<p>Ein wesentliches Merkmal unserer Stunden ist das Arbeiten mit allt\u00e4glichen Materialien, die vielseitig eingesetzt werden. So werden die Kinder zu Eichh\u00f6rnchen im Herbstwald und verstecken und suchen Kastanien in einer Bewegungslandschaft.<\/p>\n\n\n\n<div class=\"wp-block-columns is-layout-flex wp-container-core-columns-is-layout-9d6595d7 wp-block-columns-is-layout-flex\">\n<div class=\"wp-block-column is-layout-flow wp-block-column-is-layout-flow\">\n<figure class=\"wp-block-image size-large\"><img loading=\"lazy\" decoding=\"async\" width=\"1280\" height=\"960\" src=\"https:\/\/sportverein-hausen.de\/wp-content\/uploads\/2025\/09\/WK_Wichteltrainingslager-1280x960.jpeg\" alt=\"\" class=\"wp-image-2607\" srcset=\"https:\/\/sportverein-hausen.de\/wp-content\/uploads\/2025\/09\/WK_Wichteltrainingslager-1280x960.jpeg 1280w, https:\/\/sportverein-hausen.de\/wp-content\/uploads\/2025\/09\/WK_Wichteltrainingslager-800x600.jpeg 800w, https:\/\/sportverein-hausen.de\/wp-content\/uploads\/2025\/09\/WK_Wichteltrainingslager-400x300.jpeg 400w, https:\/\/sportverein-hausen.de\/wp-content\/uploads\/2025\/09\/WK_Wichteltrainingslager-768x576.jpeg 768w, https:\/\/sportverein-hausen.de\/wp-content\/uploads\/2025\/09\/WK_Wichteltrainingslager-1536x1152.jpeg 1536w, https:\/\/sportverein-hausen.de\/wp-content\/uploads\/2025\/09\/WK_Wichteltrainingslager.jpeg 1600w\" sizes=\"auto, (max-width: 1280px) 100vw, 1280px\" \/><\/figure>\n<\/div>\n\n\n\n<div class=\"wp-block-column is-layout-flow wp-block-column-is-layout-flow\">\n<figure class=\"wp-block-image size-large\"><img loading=\"lazy\" decoding=\"async\" width=\"1280\" height=\"841\" src=\"https:\/\/sportverein-hausen.de\/wp-content\/uploads\/2025\/09\/WK_Post-1280x841.jpeg\" alt=\"\" class=\"wp-image-2609\" srcset=\"https:\/\/sportverein-hausen.de\/wp-content\/uploads\/2025\/09\/WK_Post-1280x841.jpeg 1280w, https:\/\/sportverein-hausen.de\/wp-content\/uploads\/2025\/09\/WK_Post-800x526.jpeg 800w, https:\/\/sportverein-hausen.de\/wp-content\/uploads\/2025\/09\/WK_Post-400x263.jpeg 400w, https:\/\/sportverein-hausen.de\/wp-content\/uploads\/2025\/09\/WK_Post-768x505.jpeg 768w, https:\/\/sportverein-hausen.de\/wp-content\/uploads\/2025\/09\/WK_Post.jpeg 1307w\" sizes=\"auto, (max-width: 1280px) 100vw, 1280px\" \/><\/figure>\n<\/div>\n<\/div>\n\n\n\n<p>Mit Schachteln setzen wir uns auseinander, wenn die Kinder mit Rollbrettern durch die Halle flitzen und Pakete aus der Poststation in die verschiedenen H\u00e4user (Reifen) verteilen. W\u00e4schekl\u00e4mmerchen werden zu Blumensamen und die gro\u00dfe blaue Turnmatte zum Piratenschiff. Jede Turneinheit steht unter einem bestimmten Motto, das den Kindern Raum f\u00fcr Fantasie und Ausdruck gibt. Und dies als Tiere im Winterwald, Wichtel im Trainingslager oder als Wettersucher auf der Wetterstation. Alle Kinder sind immer mit viel Spa\u00df und Fantasie dabei, konstruieren auch eigene Aufbauten oder absolvieren einen Parcours.<\/p>\n\n\n\n<figure class=\"wp-block-image size-large\"><img loading=\"lazy\" decoding=\"async\" width=\"1280\" height=\"607\" src=\"https:\/\/sportverein-hausen.de\/wp-content\/uploads\/2025\/09\/WK_Fanet25-1280x607.jpeg\" alt=\"\" class=\"wp-image-2610\" srcset=\"https:\/\/sportverein-hausen.de\/wp-content\/uploads\/2025\/09\/WK_Fanet25-1280x607.jpeg 1280w, https:\/\/sportverein-hausen.de\/wp-content\/uploads\/2025\/09\/WK_Fanet25-800x379.jpeg 800w, https:\/\/sportverein-hausen.de\/wp-content\/uploads\/2025\/09\/WK_Fanet25-400x190.jpeg 400w, https:\/\/sportverein-hausen.de\/wp-content\/uploads\/2025\/09\/WK_Fanet25-768x364.jpeg 768w, https:\/\/sportverein-hausen.de\/wp-content\/uploads\/2025\/09\/WK_Fanet25.jpeg 1459w\" sizes=\"auto, (max-width: 1280px) 100vw, 1280px\" \/><\/figure>\n\n\n\n<p>Durch musikalische, ritualisierte Stundenanf\u00e4nge sammeln wir die Kinder zu Beginn und fokussieren uns auf die Stunde, wir lernen zuh\u00f6ren, sich an Regeln halten, warten und aufeinander achten. Zum Abschluss gibt es unseren Abschlusswirbel, der uns aus der Halle raus und zur\u00fcck in die Umkleide katapultiert.<\/p>\n\n\n\n<p>Liebe Gr\u00fc\u00dfe<\/p>\n\n\n\n<p>Eure Hannah und Vera, unterst\u00fctzt von Zara<br><br>DOWNLOAD: <a href=\"https:\/\/sportverein-hausen.de\/wp-content\/uploads\/2024\/10\/WIRBELKINDER_Anmeldung_Beschreibung.pdf\" target=\"_blank\" rel=\"noreferrer noopener nofollow\">Anmeldeformular zum Kurs und Information<\/a><br>Ausf\u00fcllen und nach Absprache bitte dem Kind mitgeben.<\/p>\n\n\n\n<div class=\"wp-block-columns has-neve-link-hover-color-background-color has-background is-layout-flex wp-container-core-columns-is-layout-9d6595d7 wp-block-columns-is-layout-flex\">\n<div class=\"wp-block-column is-layout-flow wp-block-column-is-layout-flow\">\n<figure class=\"wp-block-image size-large\"><img decoding=\"async\" src=\"\/wp-content\/uploads\/2023\/03\/sports-svgrepo-com.svg\" alt=\"\"\/><\/figure>\n\n\n\n<h3 class=\"wp-block-heading\">Gruppe<\/h3>\n\n\n\n<p>Kinder 3 &#8211; 4 Jahre<\/p>\n<\/div>\n\n\n\n<div class=\"wp-block-column is-layout-flow wp-block-column-is-layout-flow\">\n<figure class=\"wp-block-image size-large\"><img decoding=\"async\" src=\"\/wp-content\/uploads\/2023\/03\/sports-svgrepo-com1.svg\" alt=\"\"\/><\/figure>\n\n\n\n<h3 class=\"wp-block-heading\">Termin<\/h3>\n\n\n\n<p>Dienstag 16:30 &#8211; 17:30 Uhr<br>Gymnastikhalle Hausen<\/p>\n<\/div>\n\n\n\n<div class=\"wp-block-column is-layout-flow wp-block-column-is-layout-flow\">\n<figure class=\"wp-block-image size-large\"><img decoding=\"async\" src=\"\/wp-content\/uploads\/2023\/03\/sports-ball-svgrepo-com.svg\" alt=\"\"\/><\/figure>\n\n\n\n<h3 class=\"wp-block-heading\">\u00dcbungsleiterin<\/h3>\n\n\n\n<p>Hannah Bauer<br>Vera Ketterer,  Zahra<\/p>\n\n\n\n<div class=\"wp-block-buttons is-layout-flex wp-block-buttons-is-layout-flex\">\n<div class=\"wp-block-button is-style-primary\"><a class=\"wp-block-button__link wp-element-button\" href=\"\/index.php\/kontakt\/#Beate\" style=\"border-radius:15px\">Kontakt<\/a><\/div>\n<\/div>\n<\/div>\n<\/div>\n\n\n\n<div class=\"wp-block-buttons is-content-justification-center is-layout-flex wp-container-core-buttons-is-layout-16018d1d wp-block-buttons-is-layout-flex\">\n<div class=\"wp-block-button has-custom-width wp-block-button__width-75 is-style-default\"><a class=\"wp-block-button__link wp-element-button\" href=\"\/index.php\/sportangebot\/#Vorschulturnen\" style=\"border-radius:100px\">&lt;&lt; zur\u00fcck zur \u00dcbersicht<\/a><\/div>\n<\/div>\n\n\n\n<p><br><br><\/p>\n","protected":false},"excerpt":{"rendered":"<p>WIRBELKINDER &#8211; SPRACHE UND BEWEGUNG\u00a0\u00a0\u00a0\u00a0\u00a0\u00a0\u00a0\u00a0\u00a0\u00a0\u00a0\u00a0\u00a0MIT PSYCHOMOTORISCHEN ELEMENTEN Unsere Kursgruppe&nbsp;WIRBELKINDER&nbsp;richtet sich an Kinder im Alter von 3 bis 4 Jahren. Momentan besuchen 17 Kinder den Kurs. Im Mittelpunkt des Kurses stehen Sprache und Bewegung \u2013 verbunden mit psychomotorischen Elementen. Wir f\u00f6rdern Wahrnehmung, Motorik, Sprache, Fantasie und das soziale Miteinander. Alles Bereiche werden spielerisch in Bewegungseinheiten eingebunden&hellip;&nbsp;<a href=\"https:\/\/sportverein-hausen.de\/index.php\/wirbelkinder\/\" class=\"\" rel=\"bookmark\">Weiterlesen &raquo;<span class=\"screen-reader-text\">Wirbelkinder<\/span><\/a><\/p>\n","protected":false},"author":1,"featured_media":724,"parent":0,"menu_order":0,"comment_status":"closed","ping_status":"closed","template":"","meta":{"neve_meta_sidebar":"","neve_meta_container":"","neve_meta_enable_content_width":"","neve_meta_content_width":0,"neve_meta_title_alignment":"","neve_meta_author_avatar":"","neve_post_elements_order":"","neve_meta_disable_header":"","neve_meta_disable_footer":"","neve_meta_disable_title":"","pgc_sgb_lightbox_settings":"","footnotes":""},"class_list":["post-1814","page","type-page","status-publish","has-post-thumbnail","hentry"],"_links":{"self":[{"href":"https:\/\/sportverein-hausen.de\/index.php\/wp-json\/wp\/v2\/pages\/1814","targetHints":{"allow":["GET"]}}],"collection":[{"href":"https:\/\/sportverein-hausen.de\/index.php\/wp-json\/wp\/v2\/pages"}],"about":[{"href":"https:\/\/sportverein-hausen.de\/index.php\/wp-json\/wp\/v2\/types\/page"}],"author":[{"embeddable":true,"href":"https:\/\/sportverein-hausen.de\/index.php\/wp-json\/wp\/v2\/users\/1"}],"replies":[{"embeddable":true,"href":"https:\/\/sportverein-hausen.de\/index.php\/wp-json\/wp\/v2\/comments?post=1814"}],"version-history":[{"count":15,"href":"https:\/\/sportverein-hausen.de\/index.php\/wp-json\/wp\/v2\/pages\/1814\/revisions"}],"predecessor-version":[{"id":2611,"href":"https:\/\/sportverein-hausen.de\/index.php\/wp-json\/wp\/v2\/pages\/1814\/revisions\/2611"}],"wp:featuredmedia":[{"embeddable":true,"href":"https:\/\/sportverein-hausen.de\/index.php\/wp-json\/wp\/v2\/media\/724"}],"wp:attachment":[{"href":"https:\/\/sportverein-hausen.de\/index.php\/wp-json\/wp\/v2\/media?parent=1814"}],"curies":[{"name":"wp","href":"https:\/\/api.w.org\/{rel}","templated":true}]}}