{"id":1972,"date":"2024-10-08T15:55:28","date_gmt":"2024-10-08T15:55:28","guid":{"rendered":"https:\/\/sportverein-hausen.de\/?page_id=1972"},"modified":"2024-10-08T16:22:55","modified_gmt":"2024-10-08T16:22:55","slug":"kuchen-fuer-fussballtore","status":"publish","type":"page","link":"https:\/\/sportverein-hausen.de\/index.php\/kuchen-fuer-fussballtore\/","title":{"rendered":"Kuchen f\u00fcr Fu\u00dfballtore"},"content":{"rendered":"\n<div class=\"wp-block-columns is-layout-flex wp-container-core-columns-is-layout-9d6595d7 wp-block-columns-is-layout-flex\">\n<div class=\"wp-block-column is-layout-flow wp-block-column-is-layout-flow\">\n<h2 class=\"wp-block-heading has-neve-text-color-color has-text-color has-link-color has-medium-font-size wp-elements-2afd1b13341f8869e82bbc6afee324ca\">Sport unterst\u00fctzt Sport<\/h2>\n\n\n\n<figure class=\"wp-block-image size-large\"><img loading=\"lazy\" decoding=\"async\" width=\"1280\" height=\"720\" src=\"https:\/\/sportverein-hausen.de\/wp-content\/uploads\/2024\/10\/schule-1-1280x720.jpg\" alt=\"\" class=\"wp-image-1973\" srcset=\"https:\/\/sportverein-hausen.de\/wp-content\/uploads\/2024\/10\/schule-1-1280x720.jpg 1280w, https:\/\/sportverein-hausen.de\/wp-content\/uploads\/2024\/10\/schule-1-800x450.jpg 800w, https:\/\/sportverein-hausen.de\/wp-content\/uploads\/2024\/10\/schule-1-400x225.jpg 400w, https:\/\/sportverein-hausen.de\/wp-content\/uploads\/2024\/10\/schule-1-768x432.jpg 768w, https:\/\/sportverein-hausen.de\/wp-content\/uploads\/2024\/10\/schule-1-1536x864.jpg 1536w, https:\/\/sportverein-hausen.de\/wp-content\/uploads\/2024\/10\/schule-1.jpg 1564w\" sizes=\"auto, (max-width: 1280px) 100vw, 1280px\" \/><\/figure>\n\n\n\n<div class=\"wp-block-columns is-layout-flex wp-container-core-columns-is-layout-9d6595d7 wp-block-columns-is-layout-flex\">\n<div class=\"wp-block-column is-layout-flow wp-block-column-is-layout-flow\">\n<p>Hallo zusammen, mein Name ist J\u00fcrgen Endres und ich komme aus einem ganz besonderen Anlass zu der Ehre in diesem Heft zu schreiben.<br>Vom 02. Dezember 2023 bis 28. Februar 2024 war ich in Tansania. Dort arbeitete ich an mehreren Projekten und verbrachte auch viel Zeit mit meinem Freund Deo, den ich bei meinem ersten Aufenthalt 1992 kennengelernt hatte und mit dem mich seither eine enge Freundschaft verbindet.\u00a0<\/p>\n\n\n\n<figure class=\"wp-block-image size-full\"><img loading=\"lazy\" decoding=\"async\" width=\"821\" height=\"1011\" src=\"https:\/\/sportverein-hausen.de\/wp-content\/uploads\/2024\/10\/schule-trikots.jpg\" alt=\"\" class=\"wp-image-1977\" srcset=\"https:\/\/sportverein-hausen.de\/wp-content\/uploads\/2024\/10\/schule-trikots.jpg 821w, https:\/\/sportverein-hausen.de\/wp-content\/uploads\/2024\/10\/schule-trikots-800x985.jpg 800w, https:\/\/sportverein-hausen.de\/wp-content\/uploads\/2024\/10\/schule-trikots-400x493.jpg 400w, https:\/\/sportverein-hausen.de\/wp-content\/uploads\/2024\/10\/schule-trikots-768x946.jpg 768w\" sizes=\"auto, (max-width: 821px) 100vw, 821px\" \/><\/figure>\n\n\n\n<p><\/p>\n<\/div>\n\n\n\n<div class=\"wp-block-column is-layout-flow wp-block-column-is-layout-flow\">\n<p>T<em>rotz vieler Sehensw\u00fcrdigkeiten geh\u00f6rt Tansania immer noch mit zu den \u00e4rmsten L\u00e4ndern. Hier ein paar Informationen, um sich ein genaueres Bild machen zu k\u00f6nnen:<\/em><\/p>\n\n\n\n<ul class=\"wp-block-list\">\n<li>Tansania (Ostafrika); 62 Millionen Einwohner<\/li>\n\n\n\n<li>Fl\u00e4che: Dreimal so gro\u00df wie Deutschland<\/li>\n\n\n\n<li>Hauptstadt: Dodoma im Zentrum des Landes<\/li>\n\n\n\n<li><strong>Der Wohnort meines Freundes: Haydom (auf 1700 Meter H\u00f6he),\u00a0280 km entfernt von Arusha, der gr\u00f6\u00dften Stadt im Norden von Tansania<\/strong><\/li>\n\n\n\n<li>Die Vorschule und Primaryschool (Klasse 1-6) in Haydom besteht seit 2002<\/li>\n\n\n\n<li><strong>469 Kinder (234 M\u00e4dchen, 235 Jungen) besuchen momentan die Schule<\/strong><\/li>\n\n\n\n<li>9 Lehrer ( 5 M\u00e4nner, 4 Frauen) unterrichten an der Schule<\/li>\n\n\n\n<li><strong>Bis zum heutigen Tag hat die Schule keine Elektrizit\u00e4t, hofft aber bald auch einen Anschluss zu bekommen.<\/strong><\/li>\n\n\n\n<li>Die Schule liegt au\u00dferhalb des Orts in h\u00fcgeliger Lage.<\/li>\n<\/ul>\n<\/div>\n<\/div>\n<\/div>\n<\/div>\n\n\n\n<p><br>W\u00e4hrend meines Aufenthaltes in Haydom bei meinem Freund besuchte ich auch die Bisigeta Primary School und konnte der Schulleitung und den Sch\u00fclern ausgemusterte <strong>Trikots\u00e4tze des SV Hausen<\/strong> \u00fcbergeben. Die Freude dar\u00fcber war sehr gro\u00df und nat\u00fcrlich wurde mir mit einer F\u00fchrung und mit Gesang der Sch\u00fcler gedankt. Bei unserem Rundgang erfuhr ich auch von den Pl\u00e4nen der Schule ein <strong>Fu\u00dfballfeld anzulegen<\/strong>. Zum damaligen Zeitpunkt war an der Stelle noch ein Maisfeld. Inzwischen ist der Mais abgeerntet und mit vereinten Kr\u00e4ften der Sch\u00fcler und Lehrer soll nun ein<strong> Spielfeld angelegt<\/strong> werden.\u00a0<\/p>\n\n\n\n<p>Der <strong>Bau der Tore<\/strong> stellt dabei ein <strong>gr\u00f6\u00dferes Problem<\/strong> dar. <strong>Tore aus Holz sind in k\u00fcrzester Zeit von den Termiten zerst\u00f6rt,<\/strong> doch <strong>Tore aus Metallrohren sind teuer<\/strong> und eine finanzielle Unterst\u00fctzung erh\u00e4lt die Schule daf\u00fcr nicht.\u00a0<\/p>\n\n\n\n<p>Zur\u00fcck in Hausen richtete ich den Dank der Schule aus und erz\u00e4hlte von dem Vorhaben und den Umsetzungsproblemen. Sofort <strong>beschloss der Sportausschuss, den Erl\u00f6s des Kaffee- und Kuchenverkaufs<\/strong> des Sommerfestes der <strong>Finanzierung der Tore<\/strong> zukommen zu lassen.\u00a0<\/p>\n\n\n\n<p>Dank der zahlreichen Kuchenspenden und der vielen Besucher des Sommerfestes kamen<\/p>\n\n\n\n<p><strong>\u00fcberw\u00e4ltigende 1758 \u20ac zusammen, die ich meinem Freund \u00fcberweisen konnte!!!&nbsp;<\/strong><\/p>\n\n\n\n<p>Deo plant und koordiniert gemeinsam mit der Schulleitung den Bau und die Montage der Tore.&nbsp;<\/p>\n\n\n\n<p><strong>An dieser Stelle allen Spendern nochmals herzlichen Dank! Sport verbindet auch \u00fcber Grenzen hinweg.&nbsp;<\/strong><\/p>\n\n\n\n<p>Es freut mich, dass die Kinder, die den ganzen Tag an der Schule sind, demn\u00e4chst auch in den Genuss eines zentralen Fu\u00dfballplatzes kommen, ganz so wie es unsere Kinder am Sportplatz bei der Turnhalle t\u00e4glich genie\u00dfen. Ich hoffe, dass ich im n\u00e4chsten Vereinsheft \u00fcber die abgeschlossene Aktion berichten kann.<\/p>\n\n\n\n<p>Asante sana! Vielen Dank!<\/p>\n\n\n\n<p>J\u00fcrgen Endres<\/p>\n","protected":false},"excerpt":{"rendered":"<p>Sport unterst\u00fctzt Sport Hallo zusammen, mein Name ist J\u00fcrgen Endres und ich komme aus einem ganz besonderen Anlass zu der Ehre in diesem Heft zu schreiben.Vom 02. Dezember 2023 bis 28. Februar 2024 war ich in Tansania. Dort arbeitete ich an mehreren Projekten und verbrachte auch viel Zeit mit meinem Freund Deo, den ich bei&hellip;&nbsp;<a href=\"https:\/\/sportverein-hausen.de\/index.php\/kuchen-fuer-fussballtore\/\" class=\"\" rel=\"bookmark\">Weiterlesen &raquo;<span class=\"screen-reader-text\">Kuchen f\u00fcr Fu\u00dfballtore<\/span><\/a><\/p>\n","protected":false},"author":1,"featured_media":1977,"parent":0,"menu_order":0,"comment_status":"closed","ping_status":"closed","template":"","meta":{"neve_meta_sidebar":"","neve_meta_container":"","neve_meta_enable_content_width":"","neve_meta_content_width":0,"neve_meta_title_alignment":"","neve_meta_author_avatar":"","neve_post_elements_order":"","neve_meta_disable_header":"","neve_meta_disable_footer":"","neve_meta_disable_title":"","pgc_sgb_lightbox_settings":"","footnotes":""},"class_list":["post-1972","page","type-page","status-publish","has-post-thumbnail","hentry"],"_links":{"self":[{"href":"https:\/\/sportverein-hausen.de\/index.php\/wp-json\/wp\/v2\/pages\/1972","targetHints":{"allow":["GET"]}}],"collection":[{"href":"https:\/\/sportverein-hausen.de\/index.php\/wp-json\/wp\/v2\/pages"}],"about":[{"href":"https:\/\/sportverein-hausen.de\/index.php\/wp-json\/wp\/v2\/types\/page"}],"author":[{"embeddable":true,"href":"https:\/\/sportverein-hausen.de\/index.php\/wp-json\/wp\/v2\/users\/1"}],"replies":[{"embeddable":true,"href":"https:\/\/sportverein-hausen.de\/index.php\/wp-json\/wp\/v2\/comments?post=1972"}],"version-history":[{"count":6,"href":"https:\/\/sportverein-hausen.de\/index.php\/wp-json\/wp\/v2\/pages\/1972\/revisions"}],"predecessor-version":[{"id":1985,"href":"https:\/\/sportverein-hausen.de\/index.php\/wp-json\/wp\/v2\/pages\/1972\/revisions\/1985"}],"wp:featuredmedia":[{"embeddable":true,"href":"https:\/\/sportverein-hausen.de\/index.php\/wp-json\/wp\/v2\/media\/1977"}],"wp:attachment":[{"href":"https:\/\/sportverein-hausen.de\/index.php\/wp-json\/wp\/v2\/media?parent=1972"}],"curies":[{"name":"wp","href":"https:\/\/api.w.org\/{rel}","templated":true}]}}