{"id":204,"date":"2023-03-28T10:41:37","date_gmt":"2023-03-28T10:41:37","guid":{"rendered":"http:\/\/localhost\/wordpress\/?page_id=204"},"modified":"2024-10-07T05:42:36","modified_gmt":"2024-10-07T05:42:36","slug":"zwergenturnen","status":"publish","type":"page","link":"https:\/\/sportverein-hausen.de\/index.php\/zwergenturnen\/","title":{"rendered":"Zwergenturnen"},"content":{"rendered":"\n<h2 class=\"wp-block-heading\">Hier entstehen Freundschaften f\u00fcrs Leben<\/h2>\n\n\n\n<div class=\"wp-block-columns is-layout-flex wp-container-core-columns-is-layout-9d6595d7 wp-block-columns-is-layout-flex\">\n<div class=\"wp-block-column is-layout-flow wp-block-column-is-layout-flow\">\n<p>\u201eHalli hallo, sch\u00f6n dass du da bist\u201c\u2026 so beginnt das Zwergenturnen des SV Hausen f\u00fcr die Kleinsten, d.h. von den ersten Schritten bis ca. 3 Jahre.&nbsp;<\/p>\n\n\n\n<p>Die Kinder k\u00f6nnen nach Herzenslust toben, turnen, spielen und sich ausprobieren, die Erwachsenen unterst\u00fctzen oder machen mit. Erste Erfahrungen werden gesammelt mit Regeln im Miteinander.<\/p>\n\n\n\n<p>Das Bewegungsangebot aus Gro\u00df-und Kleinger\u00e4ten ist vielf\u00e4ltig und bietet M\u00f6glichkeiten zum Laufen, Klettern, Springen, Rollen, Schwingen und Balancieren.<\/p>\n\n\n\n<p>Durch die zuverl\u00e4ssige Aufbauhilfe der Erwachsenen k\u00f6nnen \u201eBerge erklommen, Schluchten \u00fcbersprungen, H\u00f6hlen erforscht oder Rollbahnen heruntergekullert&#8220; werden, jede Woche gibt es etwas Neues zu entdecken.&nbsp;<\/p>\n\n\n\n<p>Nach dem Abschlusslied \u201eAlle Leut gehen jetzt nach Haus\u201c freuen sich Gro\u00df und Klein schon wieder auf das n\u00e4chste Mal.<\/p>\n\n\n\n<p>Andy Kalstr\u00f6m und Christa Rie\u00df macht es viel Spa\u00df mit den Zwergen!<\/p>\n<\/div>\n\n\n\n<div class=\"wp-block-column is-layout-flow wp-block-column-is-layout-flow\">\n<figure class=\"wp-block-image size-large\"><img loading=\"lazy\" decoding=\"async\" width=\"1280\" height=\"585\" src=\"https:\/\/sportverein-hausen.de\/wp-content\/uploads\/2024\/10\/zwerge-1280x585.jpg\" alt=\"\" class=\"wp-image-1880\" srcset=\"https:\/\/sportverein-hausen.de\/wp-content\/uploads\/2024\/10\/zwerge-1280x585.jpg 1280w, https:\/\/sportverein-hausen.de\/wp-content\/uploads\/2024\/10\/zwerge-800x366.jpg 800w, https:\/\/sportverein-hausen.de\/wp-content\/uploads\/2024\/10\/zwerge-400x183.jpg 400w, https:\/\/sportverein-hausen.de\/wp-content\/uploads\/2024\/10\/zwerge-768x351.jpg 768w, https:\/\/sportverein-hausen.de\/wp-content\/uploads\/2024\/10\/zwerge-1536x702.jpg 1536w, https:\/\/sportverein-hausen.de\/wp-content\/uploads\/2024\/10\/zwerge.jpg 1564w\" sizes=\"auto, (max-width: 1280px) 100vw, 1280px\" \/><\/figure>\n<\/div>\n<\/div>\n\n\n\n<div class=\"wp-block-columns has-neve-link-hover-color-background-color has-background is-layout-flex wp-container-core-columns-is-layout-9d6595d7 wp-block-columns-is-layout-flex\">\n<div class=\"wp-block-column is-layout-flow wp-block-column-is-layout-flow\">\n<figure class=\"wp-block-image size-large\"><img decoding=\"async\" src=\"\/wp-content\/uploads\/2023\/03\/sports-svgrepo-com.svg\" alt=\"\"\/><\/figure>\n\n\n\n<h3 class=\"wp-block-heading\">Gruppe<\/h3>\n\n\n\n<p>Kinder 1-3 Jahre<br>mit Begleitperson<\/p>\n<\/div>\n\n\n\n<div class=\"wp-block-column is-layout-flow wp-block-column-is-layout-flow\">\n<figure class=\"wp-block-image size-large\"><img decoding=\"async\" src=\"\/wp-content\/uploads\/2023\/03\/sports-svgrepo-com1.svg\" alt=\"\"\/><\/figure>\n\n\n\n<h3 class=\"wp-block-heading\">Termin<\/h3>\n\n\n\n<p>Montag<br>16:45 Uhr &#8211; 17:45 Uhr<br>Gymnastikhalle Hausen<\/p>\n<\/div>\n\n\n\n<div class=\"wp-block-column is-layout-flow wp-block-column-is-layout-flow\">\n<figure class=\"wp-block-image size-large\"><img decoding=\"async\" src=\"\/wp-content\/uploads\/2023\/03\/sports-ball-svgrepo-com.svg\" alt=\"\"\/><\/figure>\n\n\n\n<h3 class=\"wp-block-heading\">\u00dcbungsleiterIn<\/h3>\n\n\n\n<p>Christa Rie\u00df<br>Andreas Kalstr\u00f6m<\/p>\n\n\n\n<div class=\"wp-block-buttons is-layout-flex wp-block-buttons-is-layout-flex\">\n<div class=\"wp-block-button is-style-primary\"><a class=\"wp-block-button__link wp-element-button\" href=\"\/index.php\/kontakt\/#Beate\" style=\"border-radius:15px\">Kontakt<\/a><\/div>\n<\/div>\n<\/div>\n<\/div>\n\n\n\n<div class=\"wp-block-buttons is-content-justification-center is-layout-flex wp-container-core-buttons-is-layout-16018d1d wp-block-buttons-is-layout-flex\">\n<div class=\"wp-block-button has-custom-width wp-block-button__width-75 is-style-default\"><a class=\"wp-block-button__link wp-element-button\" href=\"\/index.php\/sportangebot\/#Zwergenturnen\" style=\"border-radius:100px\">&lt;&lt; zur\u00fcck zur \u00dcbersicht<\/a><\/div>\n<\/div>\n\n\n\n<p><\/p>\n","protected":false},"excerpt":{"rendered":"<p>Hier entstehen Freundschaften f\u00fcrs Leben \u201eHalli hallo, sch\u00f6n dass du da bist\u201c\u2026 so beginnt das Zwergenturnen des SV Hausen f\u00fcr die Kleinsten, d.h. von den ersten Schritten bis ca. 3 Jahre.&nbsp; Die Kinder k\u00f6nnen nach Herzenslust toben, turnen, spielen und sich ausprobieren, die Erwachsenen unterst\u00fctzen oder machen mit. Erste Erfahrungen werden gesammelt mit Regeln im&hellip;&nbsp;<a href=\"https:\/\/sportverein-hausen.de\/index.php\/zwergenturnen\/\" class=\"\" rel=\"bookmark\">Weiterlesen &raquo;<span class=\"screen-reader-text\">Zwergenturnen<\/span><\/a><\/p>\n","protected":false},"author":1,"featured_media":789,"parent":0,"menu_order":0,"comment_status":"closed","ping_status":"closed","template":"","meta":{"neve_meta_sidebar":"","neve_meta_container":"","neve_meta_enable_content_width":"","neve_meta_content_width":0,"neve_meta_title_alignment":"","neve_meta_author_avatar":"","neve_post_elements_order":"","neve_meta_disable_header":"","neve_meta_disable_footer":"","neve_meta_disable_title":"","pgc_sgb_lightbox_settings":"","footnotes":""},"class_list":["post-204","page","type-page","status-publish","has-post-thumbnail","hentry"],"_links":{"self":[{"href":"https:\/\/sportverein-hausen.de\/index.php\/wp-json\/wp\/v2\/pages\/204","targetHints":{"allow":["GET"]}}],"collection":[{"href":"https:\/\/sportverein-hausen.de\/index.php\/wp-json\/wp\/v2\/pages"}],"about":[{"href":"https:\/\/sportverein-hausen.de\/index.php\/wp-json\/wp\/v2\/types\/page"}],"author":[{"embeddable":true,"href":"https:\/\/sportverein-hausen.de\/index.php\/wp-json\/wp\/v2\/users\/1"}],"replies":[{"embeddable":true,"href":"https:\/\/sportverein-hausen.de\/index.php\/wp-json\/wp\/v2\/comments?post=204"}],"version-history":[{"count":29,"href":"https:\/\/sportverein-hausen.de\/index.php\/wp-json\/wp\/v2\/pages\/204\/revisions"}],"predecessor-version":[{"id":1882,"href":"https:\/\/sportverein-hausen.de\/index.php\/wp-json\/wp\/v2\/pages\/204\/revisions\/1882"}],"wp:featuredmedia":[{"embeddable":true,"href":"https:\/\/sportverein-hausen.de\/index.php\/wp-json\/wp\/v2\/media\/789"}],"wp:attachment":[{"href":"https:\/\/sportverein-hausen.de\/index.php\/wp-json\/wp\/v2\/media?parent=204"}],"curies":[{"name":"wp","href":"https:\/\/api.w.org\/{rel}","templated":true}]}}