{"id":276,"date":"2023-03-29T10:39:09","date_gmt":"2023-03-29T10:39:09","guid":{"rendered":"http:\/\/localhost\/wordpress\/?page_id=276"},"modified":"2025-09-16T11:40:01","modified_gmt":"2025-09-16T11:40:01","slug":"frauengymnastik-i-ii","status":"publish","type":"page","link":"https:\/\/sportverein-hausen.de\/index.php\/frauengymnastik-i-ii\/","title":{"rendered":"Frauengymnastik"},"content":{"rendered":"\n<p><\/p>\n\n\n\n<div class=\"wp-block-columns is-layout-flex wp-container-core-columns-is-layout-9d6595d7 wp-block-columns-is-layout-flex\">\n<div class=\"wp-block-column is-layout-flow wp-block-column-is-layout-flow\">\n<p><br><span style=\"caret-color: rgb(0, 0, 0); color: rgb(0, 0, 0); font-family: -webkit-standard; font-size: medium; white-space: normal;\"><\/span><br>In der Frauengymnastik haben wir die beiden Gruppen zusammengelegt und trainieren nun jeden Dienstag von 19.15 Uhr bis 20.15 Uhr. Wir sind zwischen 15 und 20 \u201eTurnerinnen\u201c. Flei\u00dfig arbeiten wir daran, uns fit und beweglich zuhalten.<\/p>\n\n\n\n<figure class=\"wp-block-image size-full\"><img loading=\"lazy\" decoding=\"async\" width=\"860\" height=\"562\" src=\"https:\/\/sportverein-hausen.de\/wp-content\/uploads\/2025\/09\/20250729_195352.jpg.jpeg\" alt=\"\" class=\"wp-image-2653\" srcset=\"https:\/\/sportverein-hausen.de\/wp-content\/uploads\/2025\/09\/20250729_195352.jpg.jpeg 860w, https:\/\/sportverein-hausen.de\/wp-content\/uploads\/2025\/09\/20250729_195352.jpg-800x523.jpeg 800w, https:\/\/sportverein-hausen.de\/wp-content\/uploads\/2025\/09\/20250729_195352.jpg-400x261.jpeg 400w, https:\/\/sportverein-hausen.de\/wp-content\/uploads\/2025\/09\/20250729_195352.jpg-768x502.jpeg 768w\" sizes=\"auto, (max-width: 860px) 100vw, 860px\" \/><\/figure>\n\n\n\n<p>W\u00e4hrend der Schulferien treffen wir uns auch gerne auf dem Bouleplatz. Im letzten Jahr haben wir im Fr\u00fchjahr einen 2-t\u00e4gigen Ausflug nach M\u00fcnchen gemacht und im Herbst einen Halbtagesausflug nach Bad D\u00fcrrheim in den Narrenschopf.<\/p>\n\n\n\n<p>Wie jedes Jahr gab es ein gemeinsames Essen vor den Sommerferien und die Weihnachtsfeier bei \u201eFritz und Fridda\u201c.<\/p>\n\n\n\n<p>Beim diesj\u00e4hrigen Frauenfr\u00fchst\u00fcck vom Turngauschwarzwald in Frittlingen waren wir mit 14 Frauen.<\/p>\n\n\n\n<p>Viele Gr\u00fc\u00dfe<\/p>\n\n\n\n<p>Silvia<\/p>\n<\/div>\n<\/div>\n\n\n\n<div class=\"wp-block-columns has-neve-link-hover-color-background-color has-background is-layout-flex wp-container-core-columns-is-layout-9d6595d7 wp-block-columns-is-layout-flex\">\n<div class=\"wp-block-column is-layout-flow wp-block-column-is-layout-flow\">\n<figure class=\"wp-block-image size-large\"><img decoding=\"async\" src=\"\/wp-content\/uploads\/2023\/03\/sports-svgrepo-com.svg\" alt=\"\"\/><\/figure>\n\n\n\n<h3 class=\"wp-block-heading\">Gruppe<\/h3>\n\n\n\n<p>Frauen<\/p>\n<\/div>\n\n\n\n<div class=\"wp-block-column is-layout-flow wp-block-column-is-layout-flow\">\n<figure class=\"wp-block-image size-large\"><img decoding=\"async\" src=\"\/wp-content\/uploads\/2023\/03\/sports-svgrepo-com1.svg\" alt=\"\"\/><\/figure>\n\n\n\n<h3 class=\"wp-block-heading\">Termin<\/h3>\n\n\n\n<p>Dienstag<br>Frauengymnastik <br>19:15 Uhr &#8211; 20:15 Uhr<br><\/p>\n<\/div>\n\n\n\n<div class=\"wp-block-column is-layout-flow wp-block-column-is-layout-flow\">\n<figure class=\"wp-block-image size-large\"><img decoding=\"async\" src=\"\/wp-content\/uploads\/2023\/03\/sports-ball-svgrepo-com.svg\" alt=\"\"\/><\/figure>\n\n\n\n<h3 class=\"wp-block-heading\">\u00dcbungsleiterin<\/h3>\n\n\n\n<p>Silvia Popp<\/p>\n\n\n\n<div class=\"wp-block-buttons is-layout-flex wp-block-buttons-is-layout-flex\">\n<div class=\"wp-block-button is-style-primary\"><a class=\"wp-block-button__link wp-element-button\" href=\"\/index.php\/kontakt\/#Beate\" style=\"border-radius:15px\">Kontakt<\/a><\/div>\n<\/div>\n<\/div>\n<\/div>\n\n\n\n<div class=\"wp-block-buttons is-content-justification-center is-layout-flex wp-container-core-buttons-is-layout-16018d1d wp-block-buttons-is-layout-flex\">\n<div class=\"wp-block-button has-custom-width wp-block-button__width-75 is-style-default\"><a class=\"wp-block-button__link wp-element-button\" href=\"\/index.php\/sportangebot\/#Frauengymnastik\" style=\"border-radius:100px\">&lt;&lt; zur\u00fcck zur \u00dcbersicht<\/a><\/div>\n<\/div>\n\n\n\n<p><\/p>\n","protected":false},"excerpt":{"rendered":"<p>In der Frauengymnastik haben wir die beiden Gruppen zusammengelegt und trainieren nun jeden Dienstag von 19.15 Uhr bis 20.15 Uhr. Wir sind zwischen 15 und 20 \u201eTurnerinnen\u201c. Flei\u00dfig arbeiten wir daran, uns fit und beweglich zuhalten. W\u00e4hrend der Schulferien treffen wir uns auch gerne auf dem Bouleplatz. Im letzten Jahr haben wir im Fr\u00fchjahr einen&hellip;&nbsp;<a href=\"https:\/\/sportverein-hausen.de\/index.php\/frauengymnastik-i-ii\/\" class=\"\" rel=\"bookmark\">Weiterlesen &raquo;<span class=\"screen-reader-text\">Frauengymnastik<\/span><\/a><\/p>\n","protected":false},"author":1,"featured_media":1915,"parent":0,"menu_order":0,"comment_status":"closed","ping_status":"closed","template":"","meta":{"neve_meta_sidebar":"","neve_meta_container":"","neve_meta_enable_content_width":"","neve_meta_content_width":0,"neve_meta_title_alignment":"","neve_meta_author_avatar":"","neve_post_elements_order":"","neve_meta_disable_header":"","neve_meta_disable_footer":"","neve_meta_disable_title":"","pgc_sgb_lightbox_settings":"","footnotes":""},"class_list":["post-276","page","type-page","status-publish","has-post-thumbnail","hentry"],"_links":{"self":[{"href":"https:\/\/sportverein-hausen.de\/index.php\/wp-json\/wp\/v2\/pages\/276","targetHints":{"allow":["GET"]}}],"collection":[{"href":"https:\/\/sportverein-hausen.de\/index.php\/wp-json\/wp\/v2\/pages"}],"about":[{"href":"https:\/\/sportverein-hausen.de\/index.php\/wp-json\/wp\/v2\/types\/page"}],"author":[{"embeddable":true,"href":"https:\/\/sportverein-hausen.de\/index.php\/wp-json\/wp\/v2\/users\/1"}],"replies":[{"embeddable":true,"href":"https:\/\/sportverein-hausen.de\/index.php\/wp-json\/wp\/v2\/comments?post=276"}],"version-history":[{"count":11,"href":"https:\/\/sportverein-hausen.de\/index.php\/wp-json\/wp\/v2\/pages\/276\/revisions"}],"predecessor-version":[{"id":2654,"href":"https:\/\/sportverein-hausen.de\/index.php\/wp-json\/wp\/v2\/pages\/276\/revisions\/2654"}],"wp:featuredmedia":[{"embeddable":true,"href":"https:\/\/sportverein-hausen.de\/index.php\/wp-json\/wp\/v2\/media\/1915"}],"wp:attachment":[{"href":"https:\/\/sportverein-hausen.de\/index.php\/wp-json\/wp\/v2\/media?parent=276"}],"curies":[{"name":"wp","href":"https:\/\/api.w.org\/{rel}","templated":true}]}}