{"id":305,"date":"2023-03-29T12:28:33","date_gmt":"2023-03-29T12:28:33","guid":{"rendered":"http:\/\/localhost\/wordpress\/?page_id=305"},"modified":"2025-09-16T11:58:33","modified_gmt":"2025-09-16T11:58:33","slug":"volleyball","status":"publish","type":"page","link":"https:\/\/sportverein-hausen.de\/index.php\/volleyball\/","title":{"rendered":"Volleyball"},"content":{"rendered":"\n<h2 class=\"wp-block-heading\">Spa\u00df ist Freizeitsport<\/h2>\n\n\n\n<div class=\"wp-block-columns is-layout-flex wp-container-core-columns-is-layout-9d6595d7 wp-block-columns-is-layout-flex\">\n<div class=\"wp-block-column is-layout-flow wp-block-column-is-layout-flow\">\n<p>Wir sind eine Mixed \u2013 Mannschaft zwischen 20 und 50 Jahren. Zu Beginn des Trainings wird zuerst individuell aufgew\u00e4rmt. Wir laufen, dehnen und kr\u00e4ftigen uns. Danach gibt es kleine spezifische Volleyball\u00fcbungen mit einem Partner. Nach einigen Aufschl\u00e4gen beginnt dann das eigentliche Spiel.<\/p>\n\n\n\n<p>Nat\u00fcrlich werden dabei auch die Punkte gez\u00e4hlt und ein Gewinner ermittelt. Dennoch steht der Spa\u00df im Vordergrund und es geht nie verbissen zu. Durch einen kontinuierlich wachsenden regelm\u00e4\u00dfigen Teilnehmerkreis haben wir unser Spiel stark verbessert. Daher haben wir uns dieses Jahr der Herausforderung gestellt und gegen die Freizeitvolleyballer in G\u00f6llsdorf gespielt und unser wohl bestes Spiel abgeliefert.<\/p>\n\n\n\n<p>Neben dem Volleyball kommt auch die Geselligkeit nicht zu kurz, nach dem Duschen ist immer noch Zeit f\u00fcr ein Kaltgetr\u00e4nk. In der trainingsfreien Zeit haben wir auch schon die Sportart gewechselt und uns zum Kegeln getroffen.<\/p>\n\n\n\n<p>Wir freuen uns jederzeit \u00fcber neue Gesichter, welche die Leidenschaft am Volleyball mit uns teilen.<\/p>\n\n\n\n<p>Viele Gr\u00fc\u00dfe<\/p>\n\n\n\n<p>Uwe &amp; Samuel<\/p>\n<\/div>\n\n\n\n<div class=\"wp-block-column is-layout-flow wp-block-column-is-layout-flow\">\n<figure class=\"wp-block-image size-large\"><img loading=\"lazy\" decoding=\"async\" width=\"1280\" height=\"1251\" src=\"https:\/\/sportverein-hausen.de\/wp-content\/uploads\/2025\/09\/WhatsApp-Bild-2025-07-11-um-20.49.32_22aa7409.jpg-1280x1251.jpeg\" alt=\"\" class=\"wp-image-2669\" srcset=\"https:\/\/sportverein-hausen.de\/wp-content\/uploads\/2025\/09\/WhatsApp-Bild-2025-07-11-um-20.49.32_22aa7409.jpg-1280x1251.jpeg 1280w, https:\/\/sportverein-hausen.de\/wp-content\/uploads\/2025\/09\/WhatsApp-Bild-2025-07-11-um-20.49.32_22aa7409.jpg-800x782.jpeg 800w, https:\/\/sportverein-hausen.de\/wp-content\/uploads\/2025\/09\/WhatsApp-Bild-2025-07-11-um-20.49.32_22aa7409.jpg-400x391.jpeg 400w, https:\/\/sportverein-hausen.de\/wp-content\/uploads\/2025\/09\/WhatsApp-Bild-2025-07-11-um-20.49.32_22aa7409.jpg-768x750.jpeg 768w, https:\/\/sportverein-hausen.de\/wp-content\/uploads\/2025\/09\/WhatsApp-Bild-2025-07-11-um-20.49.32_22aa7409.jpg.jpeg 1535w\" sizes=\"auto, (max-width: 1280px) 100vw, 1280px\" \/><\/figure>\n<\/div>\n<\/div>\n\n\n\n<div class=\"wp-block-columns has-neve-link-hover-color-background-color has-background is-layout-flex wp-container-core-columns-is-layout-9d6595d7 wp-block-columns-is-layout-flex\">\n<div class=\"wp-block-column is-layout-flow wp-block-column-is-layout-flow\">\n<figure class=\"wp-block-image size-large\"><img decoding=\"async\" src=\"\/wp-content\/uploads\/2023\/03\/sports-svgrepo-com.svg\" alt=\"\"\/><\/figure>\n\n\n\n<h3 class=\"wp-block-heading\">Gruppe<\/h3>\n\n\n\n<p>M\u00e4nner \/ Frauen <br>ab 16 Jahre<\/p>\n<\/div>\n\n\n\n<div class=\"wp-block-column is-layout-flow wp-block-column-is-layout-flow\">\n<figure class=\"wp-block-image size-large\"><img decoding=\"async\" src=\"\/wp-content\/uploads\/2023\/03\/sports-svgrepo-com1.svg\" alt=\"\"\/><\/figure>\n\n\n\n<h3 class=\"wp-block-heading\">Termin<\/h3>\n\n\n\n<p>Donnerstag <br>20:00 Uhr &#8211; 21:30 Uhr<br>Gymnastikhalle Hausen<\/p>\n<\/div>\n\n\n\n<div class=\"wp-block-column is-layout-flow wp-block-column-is-layout-flow\">\n<figure class=\"wp-block-image size-large\"><img decoding=\"async\" src=\"\/wp-content\/uploads\/2023\/03\/sports-ball-svgrepo-com.svg\" alt=\"\"\/><\/figure>\n\n\n\n<h3 class=\"wp-block-heading\">\u00dcbungsleiter<\/h3>\n\n\n\n<p>Uwe Hak<br>Samuel Cingia<\/p>\n\n\n\n<div class=\"wp-block-buttons is-layout-flex wp-block-buttons-is-layout-flex\">\n<div class=\"wp-block-button is-style-primary\"><a class=\"wp-block-button__link wp-element-button\" href=\"\/index.php\/kontakt\/#Beate\" style=\"border-radius:15px\">Kontakt<\/a><\/div>\n<\/div>\n<\/div>\n<\/div>\n\n\n\n<div class=\"wp-block-buttons is-content-justification-center is-layout-flex wp-container-core-buttons-is-layout-16018d1d wp-block-buttons-is-layout-flex\">\n<div class=\"wp-block-button has-custom-width wp-block-button__width-75 is-style-default\"><a class=\"wp-block-button__link wp-element-button\" href=\"\/index.php\/sportangebot\/#Volleyball\" style=\"border-radius:100px\">&lt;&lt; zur\u00fcck zur \u00dcbersicht<\/a><\/div>\n<\/div>\n\n\n\n<p><\/p>\n","protected":false},"excerpt":{"rendered":"<p>Spa\u00df ist Freizeitsport Wir sind eine Mixed \u2013 Mannschaft zwischen 20 und 50 Jahren. Zu Beginn des Trainings wird zuerst individuell aufgew\u00e4rmt. Wir laufen, dehnen und kr\u00e4ftigen uns. Danach gibt es kleine spezifische Volleyball\u00fcbungen mit einem Partner. Nach einigen Aufschl\u00e4gen beginnt dann das eigentliche Spiel. Nat\u00fcrlich werden dabei auch die Punkte gez\u00e4hlt und ein Gewinner&hellip;&nbsp;<a href=\"https:\/\/sportverein-hausen.de\/index.php\/volleyball\/\" class=\"\" rel=\"bookmark\">Weiterlesen &raquo;<span class=\"screen-reader-text\">Volleyball<\/span><\/a><\/p>\n","protected":false},"author":1,"featured_media":1931,"parent":0,"menu_order":0,"comment_status":"closed","ping_status":"closed","template":"","meta":{"neve_meta_sidebar":"","neve_meta_container":"","neve_meta_enable_content_width":"","neve_meta_content_width":0,"neve_meta_title_alignment":"","neve_meta_author_avatar":"","neve_post_elements_order":"","neve_meta_disable_header":"","neve_meta_disable_footer":"","neve_meta_disable_title":"","pgc_sgb_lightbox_settings":"","footnotes":""},"class_list":["post-305","page","type-page","status-publish","has-post-thumbnail","hentry"],"_links":{"self":[{"href":"https:\/\/sportverein-hausen.de\/index.php\/wp-json\/wp\/v2\/pages\/305","targetHints":{"allow":["GET"]}}],"collection":[{"href":"https:\/\/sportverein-hausen.de\/index.php\/wp-json\/wp\/v2\/pages"}],"about":[{"href":"https:\/\/sportverein-hausen.de\/index.php\/wp-json\/wp\/v2\/types\/page"}],"author":[{"embeddable":true,"href":"https:\/\/sportverein-hausen.de\/index.php\/wp-json\/wp\/v2\/users\/1"}],"replies":[{"embeddable":true,"href":"https:\/\/sportverein-hausen.de\/index.php\/wp-json\/wp\/v2\/comments?post=305"}],"version-history":[{"count":12,"href":"https:\/\/sportverein-hausen.de\/index.php\/wp-json\/wp\/v2\/pages\/305\/revisions"}],"predecessor-version":[{"id":2672,"href":"https:\/\/sportverein-hausen.de\/index.php\/wp-json\/wp\/v2\/pages\/305\/revisions\/2672"}],"wp:featuredmedia":[{"embeddable":true,"href":"https:\/\/sportverein-hausen.de\/index.php\/wp-json\/wp\/v2\/media\/1931"}],"wp:attachment":[{"href":"https:\/\/sportverein-hausen.de\/index.php\/wp-json\/wp\/v2\/media?parent=305"}],"curies":[{"name":"wp","href":"https:\/\/api.w.org\/{rel}","templated":true}]}}