{"id":318,"date":"2023-03-29T12:58:39","date_gmt":"2023-03-29T12:58:39","guid":{"rendered":"http:\/\/localhost\/wordpress\/?page_id=318"},"modified":"2025-09-16T12:05:27","modified_gmt":"2025-09-16T12:05:27","slug":"nordic-walking","status":"publish","type":"page","link":"https:\/\/sportverein-hausen.de\/index.php\/nordic-walking\/","title":{"rendered":"Nordic Walking"},"content":{"rendered":"\n<h2 class=\"wp-block-heading\">L\u00e4uft &#8211; auch mit St\u00f6cken<\/h2>\n\n\n\n<div class=\"wp-block-columns is-layout-flex wp-container-core-columns-is-layout-9d6595d7 wp-block-columns-is-layout-flex\">\n<div class=\"wp-block-column is-layout-flow wp-block-column-is-layout-flow\">\n<p><br><strong>Nach Vereinbarung<\/strong>\u00a0<br><br>Ein Nordic- Walkingkurs findet nach Interesse und Anfrage statt. Bei einer Mindestanzahl von 5 Teilnehmern findet der Kurs statt.<\/p>\n\n\n\n<p>F\u00fcr den <strong>September\/Oktober ist ein Angebot geplant<\/strong>.<br><strong>Also schon mal vormerken!<\/strong><br><br>Nordic Walking ist eine beliebte Sportart, die das Gehen mit speziell entwickelten St\u00f6cken kombiniert. Sie bietet zahlreiche gesundheitliche Vorteile und hat eine spezifische Technik, die beachtet werden sollte. Nordic-Walking ist eine effektive Sportart, die unabh\u00e4ngig vom Fitnesslevel ausge\u00fcbt werden kann.<\/p>\n\n\n\n<figure class=\"wp-block-image size-full\"><img loading=\"lazy\" decoding=\"async\" width=\"1106\" height=\"653\" src=\"https:\/\/sportverein-hausen.de\/wp-content\/uploads\/2024\/10\/nordic-1.jpg\" alt=\"\" class=\"wp-image-1945\" srcset=\"https:\/\/sportverein-hausen.de\/wp-content\/uploads\/2024\/10\/nordic-1.jpg 1106w, https:\/\/sportverein-hausen.de\/wp-content\/uploads\/2024\/10\/nordic-1-800x472.jpg 800w, https:\/\/sportverein-hausen.de\/wp-content\/uploads\/2024\/10\/nordic-1-400x236.jpg 400w, https:\/\/sportverein-hausen.de\/wp-content\/uploads\/2024\/10\/nordic-1-768x453.jpg 768w\" sizes=\"auto, (max-width: 1106px) 100vw, 1106px\" \/><\/figure>\n\n\n\n<p>Gesundheitliche Vorteile von Nordic Walking:<\/p>\n\n\n\n<p>1. Ganzk\u00f6rpertraining: Durch den Einsatz der St\u00f6cke werden nicht nur die Beine, sondern auch die Oberk\u00f6rpermuskulatur trainiert.<\/p>\n\n\n\n<p>2. Gelenkschonend: Im Vergleich zum Joggen ist Nordic Walking weniger belastend f\u00fcr die Gelenke.<\/p>\n\n\n\n<p>3. Verbesserung der Ausdauer: Es hilft, die kardiovaskul\u00e4re Fitness zu verbessern.<\/p>\n\n\n\n<p>4. Gewichtsmanagement: Nordic Walking kann helfen, Kalorien zu verbrennen und das Gewicht zu&nbsp;&nbsp;kontrollieren.<\/p>\n\n\n\n<p>5. Stressreduktion: Die Bewegung an der frischen Luft kann Stress deutlich reduzieren.<\/p>\n\n\n\n<p><\/p>\n\n\n\n<p><\/p>\n\n\n\n<p><\/p>\n<\/div>\n\n\n\n<div class=\"wp-block-column is-layout-flow wp-block-column-is-layout-flow\">\n<p><br><strong>Tipps f\u00fcr den Einstieg:<\/strong><br><br>Ausr\u00fcstung: Es sollten speziell f\u00fcr Nordic Walking entwickelte St\u00f6cke verwendet werden, die in der L\u00e4nge angepasst sind. Nordic Walking erfordert zwar eine gewisse \u00dcbung, aber mit der richtigen Technik kann es sehr effektiv und angenehm sein. Es ist oft hilfreich einen Kurs zu besuchen, um die Technik zu erlernen und zu verfeinern.<\/p>\n\n\n\n<p>Habt ihr Lust darauf? Dann seid ihr beim Sportverein Hausen an der richtigen Adresse. Vielleicht kommt im Herbst noch einmal ein Kurs zustande. Also wer Interesse hat, kann sich gerne bei der melden (Kontakt weiter unten auf der Seite).&nbsp;<\/p>\n\n\n\n<p>Mit sportlichen Gr\u00fc\u00dfen<\/p>\n\n\n\n<p>Inga St\u00f6lzl<\/p>\n<\/div>\n<\/div>\n\n\n\n<div class=\"wp-block-columns has-neve-link-hover-color-background-color has-background is-layout-flex wp-container-core-columns-is-layout-9d6595d7 wp-block-columns-is-layout-flex\">\n<div class=\"wp-block-column is-layout-flow wp-block-column-is-layout-flow\">\n<figure class=\"wp-block-image size-large\"><img decoding=\"async\" src=\"\/wp-content\/uploads\/2023\/03\/sports-svgrepo-com.svg\" alt=\"\"\/><\/figure>\n\n\n\n<h3 class=\"wp-block-heading\">Gruppe<\/h3>\n\n\n\n<p>M\u00e4nner und Frauen<\/p>\n<\/div>\n\n\n\n<div class=\"wp-block-column is-layout-flow wp-block-column-is-layout-flow\">\n<figure class=\"wp-block-image size-large\"><img decoding=\"async\" src=\"\/wp-content\/uploads\/2023\/03\/sports-svgrepo-com1.svg\" alt=\"\"\/><\/figure>\n\n\n\n<h3 class=\"wp-block-heading\">Termin<\/h3>\n\n\n\n<p>Nach Absprache<\/p>\n<\/div>\n\n\n\n<div class=\"wp-block-column is-layout-flow wp-block-column-is-layout-flow\">\n<figure class=\"wp-block-image size-large\"><img decoding=\"async\" src=\"\/wp-content\/uploads\/2023\/03\/sports-ball-svgrepo-com.svg\" alt=\"\"\/><\/figure>\n\n\n\n<h3 class=\"wp-block-heading\">\u00dcbungsleiterin<\/h3>\n\n\n\n<p>Inga St\u00f6lzl<\/p>\n\n\n\n<div class=\"wp-block-buttons is-layout-flex wp-block-buttons-is-layout-flex\">\n<div class=\"wp-block-button is-style-primary\"><a class=\"wp-block-button__link wp-element-button\" href=\"\/index.php\/kontakt\/#Beate\" style=\"border-radius:15px\">Kontakt<\/a><\/div>\n<\/div>\n<\/div>\n<\/div>\n\n\n\n<div class=\"wp-block-buttons is-content-justification-center is-layout-flex wp-container-core-buttons-is-layout-16018d1d wp-block-buttons-is-layout-flex\">\n<div class=\"wp-block-button has-custom-width wp-block-button__width-75 is-style-default\"><a class=\"wp-block-button__link wp-element-button\" href=\"\/index.php\/sportangebot\/#NordicWalking\" style=\"border-radius:100px\">&lt;&lt; zur\u00fcck zur \u00dcbersicht<\/a><\/div>\n<\/div>\n\n\n\n<p><\/p>\n","protected":false},"excerpt":{"rendered":"<p>L\u00e4uft &#8211; auch mit St\u00f6cken Nach Vereinbarung\u00a0 Ein Nordic- Walkingkurs findet nach Interesse und Anfrage statt. Bei einer Mindestanzahl von 5 Teilnehmern findet der Kurs statt. F\u00fcr den September\/Oktober ist ein Angebot geplant.Also schon mal vormerken! Nordic Walking ist eine beliebte Sportart, die das Gehen mit speziell entwickelten St\u00f6cken kombiniert. Sie bietet zahlreiche gesundheitliche Vorteile&hellip;&nbsp;<a href=\"https:\/\/sportverein-hausen.de\/index.php\/nordic-walking\/\" class=\"\" rel=\"bookmark\">Weiterlesen &raquo;<span class=\"screen-reader-text\">Nordic Walking<\/span><\/a><\/p>\n","protected":false},"author":1,"featured_media":726,"parent":0,"menu_order":0,"comment_status":"closed","ping_status":"closed","template":"","meta":{"neve_meta_sidebar":"","neve_meta_container":"","neve_meta_enable_content_width":"","neve_meta_content_width":0,"neve_meta_title_alignment":"","neve_meta_author_avatar":"","neve_post_elements_order":"","neve_meta_disable_header":"","neve_meta_disable_footer":"","neve_meta_disable_title":"","pgc_sgb_lightbox_settings":"","footnotes":""},"class_list":["post-318","page","type-page","status-publish","has-post-thumbnail","hentry"],"_links":{"self":[{"href":"https:\/\/sportverein-hausen.de\/index.php\/wp-json\/wp\/v2\/pages\/318","targetHints":{"allow":["GET"]}}],"collection":[{"href":"https:\/\/sportverein-hausen.de\/index.php\/wp-json\/wp\/v2\/pages"}],"about":[{"href":"https:\/\/sportverein-hausen.de\/index.php\/wp-json\/wp\/v2\/types\/page"}],"author":[{"embeddable":true,"href":"https:\/\/sportverein-hausen.de\/index.php\/wp-json\/wp\/v2\/users\/1"}],"replies":[{"embeddable":true,"href":"https:\/\/sportverein-hausen.de\/index.php\/wp-json\/wp\/v2\/comments?post=318"}],"version-history":[{"count":14,"href":"https:\/\/sportverein-hausen.de\/index.php\/wp-json\/wp\/v2\/pages\/318\/revisions"}],"predecessor-version":[{"id":2675,"href":"https:\/\/sportverein-hausen.de\/index.php\/wp-json\/wp\/v2\/pages\/318\/revisions\/2675"}],"wp:featuredmedia":[{"embeddable":true,"href":"https:\/\/sportverein-hausen.de\/index.php\/wp-json\/wp\/v2\/media\/726"}],"wp:attachment":[{"href":"https:\/\/sportverein-hausen.de\/index.php\/wp-json\/wp\/v2\/media?parent=318"}],"curies":[{"name":"wp","href":"https:\/\/api.w.org\/{rel}","templated":true}]}}