{"id":591,"date":"2023-04-15T09:23:38","date_gmt":"2023-04-15T09:23:38","guid":{"rendered":"http:\/\/localhost\/wordpress\/?page_id=591"},"modified":"2025-09-17T09:24:37","modified_gmt":"2025-09-17T09:24:37","slug":"sportverein-hausen","status":"publish","type":"page","link":"https:\/\/sportverein-hausen.de\/index.php\/sportverein-hausen\/","title":{"rendered":"Sportverein-Hausen"},"content":{"rendered":"\n<p><\/p>\n\n\n\n<h2 class=\"wp-block-heading\">Herzlich willkommen<\/h2>\n\n\n\n<div class=\"wp-block-columns is-layout-flex wp-container-core-columns-is-layout-9d6595d7 wp-block-columns-is-layout-flex\">\n<div class=\"wp-block-column is-layout-flow wp-block-column-is-layout-flow\">\n<p>Als Mitglied des Sportvereins Hausen e.V. profitieren Sie von einer Vielzahl an Sport- und Freizeitangeboten f\u00fcr Jung und Alt. Wir bieten Ihnen flexible Mitgliedschaften (f\u00fcr Jugendliche, Familien, aktive oder passive Mitglieder) zu einem fairen Jahresbeitrag.<\/p>\n\n\n\n<p>Laden Sie sich einfach hier den aktuellen Mitgliedsantrag herunter, f\u00fcllen diesen aus und geben ihn bei einem Vertreter des Vereins (Trainer, \u00dcbungsleiter oder Ausschuss-Mitglied) ab.&nbsp;<br>&gt;&gt; <a href=\"https:\/\/sportverein-hausen.de\/wp-content\/uploads\/2024\/10\/Beitrittserklaerung-Einwilligung-Fotos.pdf\" data-type=\"attachment\" data-id=\"597\" target=\"_blank\" rel=\"noreferrer noopener nofollow\">Download Mitgliedsantrag<\/a><\/p>\n<\/div>\n\n\n\n<div class=\"wp-block-column is-layout-flow wp-block-column-is-layout-flow\">\n<p>Den SPV gibt es jetzt schon 100 Jahre.<br>Hier finden Sie einen detaillierten Einblick.  <\/p>\n\n\n\n<div class=\"wp-block-buttons is-layout-flex wp-block-buttons-is-layout-flex\">\n<div class=\"wp-block-button has-custom-width wp-block-button__width-75 is-style-default\"><a class=\"wp-block-button__link has-nv-dark-bg-background-color has-background wp-element-button\" href=\"\/index.php\/historie\/\" style=\"border-radius:29px\">100 Jahre Historie<\/a><\/div>\n<\/div>\n<\/div>\n<\/div>\n\n\n\n<div class=\"wp-block-columns is-layout-flex wp-container-core-columns-is-layout-9d6595d7 wp-block-columns-is-layout-flex\">\n<div class=\"wp-block-column is-layout-flow wp-block-column-is-layout-flow\">\n<h2 class=\"wp-block-heading\">Ausschuss<\/h2>\n\n\n\n<figure class=\"wp-block-image size-full\"><img loading=\"lazy\" decoding=\"async\" width=\"2560\" height=\"1132\" src=\"https:\/\/sportverein-hausen.de\/wp-content\/uploads\/2025\/09\/005-Ausschuss-scaled.jpg\" alt=\"\" class=\"wp-image-2689\" srcset=\"https:\/\/sportverein-hausen.de\/wp-content\/uploads\/2025\/09\/005-Ausschuss-scaled.jpg 2560w, https:\/\/sportverein-hausen.de\/wp-content\/uploads\/2025\/09\/005-Ausschuss-800x354.jpg 800w, https:\/\/sportverein-hausen.de\/wp-content\/uploads\/2025\/09\/005-Ausschuss-1280x566.jpg 1280w, https:\/\/sportverein-hausen.de\/wp-content\/uploads\/2025\/09\/005-Ausschuss-400x177.jpg 400w, https:\/\/sportverein-hausen.de\/wp-content\/uploads\/2025\/09\/005-Ausschuss-768x340.jpg 768w, https:\/\/sportverein-hausen.de\/wp-content\/uploads\/2025\/09\/005-Ausschuss-1536x679.jpg 1536w, https:\/\/sportverein-hausen.de\/wp-content\/uploads\/2025\/09\/005-Ausschuss-2048x906.jpg 2048w\" sizes=\"auto, (max-width: 2560px) 100vw, 2560px\" \/><\/figure>\n\n\n\n<p>Als Ausschuss sind wir f\u00fcr die Aktivit\u00e4ten und Geschicke unseres Sportvereins verantwortlich. Unser Ziel ist es, das lebendige und aktive Vereinsleben zu erhalten und auszubauen.&nbsp;Der Grundstein daf\u00fcr sind unsere vielen Angebote in den Bereichen Handball, Kinderturnen, Gymnastik, Fitness und Freizeitsport. Dar\u00fcber hinaus bieten wir mit verschiedenen Festen, Ausfahrten und Aktivit\u00e4ten rund um den Sport ein buntes Jahresprogramm f\u00fcr alle Mitglieder und Freunde des Vereins.&nbsp;<\/p>\n\n\n\n<p><br>1 Vorstand: <strong>Phillip Burkard<\/strong><br>2 Vorstand: Ulrike <strong>Ulrike Beyer<\/strong><br>Kassier: <strong>Udo Klaussner<\/strong><br>Schriftf\u00fchrer: <strong>&#8211;<\/strong><br>Pressewart:<strong> Felix Vogt<\/strong><br>Abteilungsleiterin Gymnastik: <strong>Beate Endres<\/strong> <br>Abteilungsleiter: Handball: <strong>Marvin Alf<\/strong><br>Beisitzer:<br><strong>Katja Steinhilber, Thomas Ketterer, Kai Seidel, Simon Metzger, Heiko Hirth, Thilo Niebel<\/strong>, <strong>Daniel Essenbreis<\/strong><\/p>\n<\/div>\n\n\n\n<div class=\"wp-block-column is-layout-flow wp-block-column-is-layout-flow\">\n<h2 class=\"wp-block-heading\">Unteraussch\u00fcsse<\/h2>\n\n\n\n<p><strong>Festausschuss<\/strong><\/p>\n\n\n\n<figure class=\"wp-block-image size-large\"><img loading=\"lazy\" decoding=\"async\" width=\"1280\" height=\"815\" src=\"https:\/\/sportverein-hausen.de\/wp-content\/uploads\/2025\/09\/012-Festausschuss-1280x815.jpg\" alt=\"\" class=\"wp-image-2691\" srcset=\"https:\/\/sportverein-hausen.de\/wp-content\/uploads\/2025\/09\/012-Festausschuss-1280x815.jpg 1280w, https:\/\/sportverein-hausen.de\/wp-content\/uploads\/2025\/09\/012-Festausschuss-800x510.jpg 800w, https:\/\/sportverein-hausen.de\/wp-content\/uploads\/2025\/09\/012-Festausschuss-400x255.jpg 400w, https:\/\/sportverein-hausen.de\/wp-content\/uploads\/2025\/09\/012-Festausschuss-768x489.jpg 768w, https:\/\/sportverein-hausen.de\/wp-content\/uploads\/2025\/09\/012-Festausschuss-1536x978.jpg 1536w, https:\/\/sportverein-hausen.de\/wp-content\/uploads\/2025\/09\/012-Festausschuss.jpg 1859w\" sizes=\"auto, (max-width: 1280px) 100vw, 1280px\" \/><\/figure>\n\n\n\n<p><em>Kai Seidel, Ulrike Beyer, Edgar Willi, Simon Metzger, Heike Hummel<\/em><\/p>\n\n\n\n<p><strong>Marketing<\/strong><br>Felix Vogt, Thomas Ketterer, Peter Hafner, Valentin Grimm<\/p>\n\n\n\n<p><strong>Verwaltung<\/strong><br>Alexandra Klaussner, Christa Brenner<\/p>\n\n\n\n<p><strong>Homepage<\/strong><br>Werner N\u00f6renberg<br><br><\/p>\n<\/div>\n<\/div>\n\n\n\n<div class=\"wp-block-columns is-layout-flex wp-container-core-columns-is-layout-9d6595d7 wp-block-columns-is-layout-flex\">\n<div class=\"wp-block-column is-layout-flow wp-block-column-is-layout-flow\">\n<p><strong>1. Vorstand<\/strong><\/p>\n\n\n\n<figure class=\"wp-block-image size-full\"><img loading=\"lazy\" decoding=\"async\" width=\"1854\" height=\"1710\" src=\"https:\/\/sportverein-hausen.de\/wp-content\/uploads\/2025\/09\/001-Grusswort-1.-Vorsitzender-Philip-Burkard.jpg\" alt=\"\" class=\"wp-image-2694\" srcset=\"https:\/\/sportverein-hausen.de\/wp-content\/uploads\/2025\/09\/001-Grusswort-1.-Vorsitzender-Philip-Burkard.jpg 1854w, https:\/\/sportverein-hausen.de\/wp-content\/uploads\/2025\/09\/001-Grusswort-1.-Vorsitzender-Philip-Burkard-800x738.jpg 800w, https:\/\/sportverein-hausen.de\/wp-content\/uploads\/2025\/09\/001-Grusswort-1.-Vorsitzender-Philip-Burkard-1280x1181.jpg 1280w, https:\/\/sportverein-hausen.de\/wp-content\/uploads\/2025\/09\/001-Grusswort-1.-Vorsitzender-Philip-Burkard-400x369.jpg 400w, https:\/\/sportverein-hausen.de\/wp-content\/uploads\/2025\/09\/001-Grusswort-1.-Vorsitzender-Philip-Burkard-768x708.jpg 768w, https:\/\/sportverein-hausen.de\/wp-content\/uploads\/2025\/09\/001-Grusswort-1.-Vorsitzender-Philip-Burkard-1536x1417.jpg 1536w\" sizes=\"auto, (max-width: 1854px) 100vw, 1854px\" \/><\/figure>\n<\/div>\n\n\n\n<div class=\"wp-block-column is-layout-flow wp-block-column-is-layout-flow\">\n<p><\/p>\n\n\n\n<p><strong>Philip Burkard<\/strong><br>Friedlandstr. 54<br>78628 Rottweil-Hausen<br>0741 \/ 17549605<br>E-Mail: vorstand@sportverein-hausen.de<\/p>\n<\/div>\n<\/div>\n\n\n\n<div class=\"wp-block-columns is-layout-flex wp-container-core-columns-is-layout-9d6595d7 wp-block-columns-is-layout-flex\">\n<div class=\"wp-block-column is-layout-flow wp-block-column-is-layout-flow\">\n<p><strong>2. Vorstand<\/strong><\/p>\n\n\n\n<figure class=\"wp-block-image size-full\"><img loading=\"lazy\" decoding=\"async\" width=\"1786\" height=\"2560\" src=\"https:\/\/sportverein-hausen.de\/wp-content\/uploads\/2025\/09\/007-Kontaktdaten-Ausschuss-Ulrike-Beyer-scaled.jpg\" alt=\"\" class=\"wp-image-2697\" srcset=\"https:\/\/sportverein-hausen.de\/wp-content\/uploads\/2025\/09\/007-Kontaktdaten-Ausschuss-Ulrike-Beyer-scaled.jpg 1786w, https:\/\/sportverein-hausen.de\/wp-content\/uploads\/2025\/09\/007-Kontaktdaten-Ausschuss-Ulrike-Beyer-800x1147.jpg 800w, https:\/\/sportverein-hausen.de\/wp-content\/uploads\/2025\/09\/007-Kontaktdaten-Ausschuss-Ulrike-Beyer-1280x1835.jpg 1280w, https:\/\/sportverein-hausen.de\/wp-content\/uploads\/2025\/09\/007-Kontaktdaten-Ausschuss-Ulrike-Beyer-400x573.jpg 400w, https:\/\/sportverein-hausen.de\/wp-content\/uploads\/2025\/09\/007-Kontaktdaten-Ausschuss-Ulrike-Beyer-768x1101.jpg 768w, https:\/\/sportverein-hausen.de\/wp-content\/uploads\/2025\/09\/007-Kontaktdaten-Ausschuss-Ulrike-Beyer-1072x1536.jpg 1072w, https:\/\/sportverein-hausen.de\/wp-content\/uploads\/2025\/09\/007-Kontaktdaten-Ausschuss-Ulrike-Beyer-1429x2048.jpg 1429w\" sizes=\"auto, (max-width: 1786px) 100vw, 1786px\" \/><\/figure>\n<\/div>\n\n\n\n<div class=\"wp-block-column is-layout-flow wp-block-column-is-layout-flow\">\n<p><strong>Ulrike Beyer<\/strong><\/p>\n<\/div>\n<\/div>\n\n\n\n<div class=\"wp-block-columns is-layout-flex wp-container-core-columns-is-layout-9d6595d7 wp-block-columns-is-layout-flex\">\n<div class=\"wp-block-column is-layout-flow wp-block-column-is-layout-flow\">\n<p><strong>Kassenwart<\/strong><\/p>\n\n\n\n<figure class=\"wp-block-image size-full\"><img loading=\"lazy\" decoding=\"async\" width=\"1762\" height=\"2560\" src=\"https:\/\/sportverein-hausen.de\/wp-content\/uploads\/2025\/09\/008-Kontaktdaten-Ausschuss-Udo-Klaussner-scaled.jpg\" alt=\"\" class=\"wp-image-2699\" srcset=\"https:\/\/sportverein-hausen.de\/wp-content\/uploads\/2025\/09\/008-Kontaktdaten-Ausschuss-Udo-Klaussner-scaled.jpg 1762w, https:\/\/sportverein-hausen.de\/wp-content\/uploads\/2025\/09\/008-Kontaktdaten-Ausschuss-Udo-Klaussner-800x1163.jpg 800w, https:\/\/sportverein-hausen.de\/wp-content\/uploads\/2025\/09\/008-Kontaktdaten-Ausschuss-Udo-Klaussner-1280x1860.jpg 1280w, https:\/\/sportverein-hausen.de\/wp-content\/uploads\/2025\/09\/008-Kontaktdaten-Ausschuss-Udo-Klaussner-400x581.jpg 400w, https:\/\/sportverein-hausen.de\/wp-content\/uploads\/2025\/09\/008-Kontaktdaten-Ausschuss-Udo-Klaussner-768x1116.jpg 768w, https:\/\/sportverein-hausen.de\/wp-content\/uploads\/2025\/09\/008-Kontaktdaten-Ausschuss-Udo-Klaussner-1057x1536.jpg 1057w, https:\/\/sportverein-hausen.de\/wp-content\/uploads\/2025\/09\/008-Kontaktdaten-Ausschuss-Udo-Klaussner-1409x2048.jpg 1409w\" sizes=\"auto, (max-width: 1762px) 100vw, 1762px\" \/><\/figure>\n<\/div>\n\n\n\n<div class=\"wp-block-column is-layout-flow wp-block-column-is-layout-flow\">\n<p><strong>Udo Klaussner<\/strong><\/p>\n\n\n\n<p>E-Mail: verwaltung@sportverein-hausen.de<\/p>\n<\/div>\n<\/div>\n\n\n\n<div class=\"wp-block-columns is-layout-flex wp-container-core-columns-is-layout-9d6595d7 wp-block-columns-is-layout-flex\">\n<div class=\"wp-block-column is-layout-flow wp-block-column-is-layout-flow\">\n<p><strong>Schriftf\u00fchrer<\/strong><\/p>\n<\/div>\n\n\n\n<div class=\"wp-block-column is-layout-flow wp-block-column-is-layout-flow\">\n<p><\/p>\n<\/div>\n<\/div>\n\n\n\n<div class=\"wp-block-columns is-layout-flex wp-container-core-columns-is-layout-9d6595d7 wp-block-columns-is-layout-flex\">\n<div class=\"wp-block-column is-layout-flow wp-block-column-is-layout-flow\">\n<p><strong>Pressewart<\/strong><\/p>\n\n\n\n<figure class=\"wp-block-image size-full\"><img loading=\"lazy\" decoding=\"async\" width=\"1797\" height=\"2560\" src=\"https:\/\/sportverein-hausen.de\/wp-content\/uploads\/2025\/09\/009-Kontaktdaten-Ausschuss-Felix-Vogt-scaled.jpg\" alt=\"\" class=\"wp-image-2700\" srcset=\"https:\/\/sportverein-hausen.de\/wp-content\/uploads\/2025\/09\/009-Kontaktdaten-Ausschuss-Felix-Vogt-scaled.jpg 1797w, https:\/\/sportverein-hausen.de\/wp-content\/uploads\/2025\/09\/009-Kontaktdaten-Ausschuss-Felix-Vogt-800x1139.jpg 800w, https:\/\/sportverein-hausen.de\/wp-content\/uploads\/2025\/09\/009-Kontaktdaten-Ausschuss-Felix-Vogt-1280x1823.jpg 1280w, https:\/\/sportverein-hausen.de\/wp-content\/uploads\/2025\/09\/009-Kontaktdaten-Ausschuss-Felix-Vogt-400x570.jpg 400w, https:\/\/sportverein-hausen.de\/wp-content\/uploads\/2025\/09\/009-Kontaktdaten-Ausschuss-Felix-Vogt-768x1094.jpg 768w, https:\/\/sportverein-hausen.de\/wp-content\/uploads\/2025\/09\/009-Kontaktdaten-Ausschuss-Felix-Vogt-1078x1536.jpg 1078w, https:\/\/sportverein-hausen.de\/wp-content\/uploads\/2025\/09\/009-Kontaktdaten-Ausschuss-Felix-Vogt-1438x2048.jpg 1438w\" sizes=\"auto, (max-width: 1797px) 100vw, 1797px\" \/><\/figure>\n<\/div>\n\n\n\n<div class=\"wp-block-column is-layout-flow wp-block-column-is-layout-flow\">\n<p><strong>Felix Vogt<\/strong><\/p>\n\n\n\n<p>E-Mail: pressewart@sportverein-hausen.de<strong><\/strong><\/p>\n<\/div>\n<\/div>\n\n\n\n<div class=\"wp-block-columns is-layout-flex wp-container-core-columns-is-layout-9d6595d7 wp-block-columns-is-layout-flex\">\n<div class=\"wp-block-column is-layout-flow wp-block-column-is-layout-flow\">\n<p><strong>Abteilungsleiterin Gymnastik<\/strong><\/p>\n\n\n\n<figure class=\"wp-block-image size-full\"><img loading=\"lazy\" decoding=\"async\" width=\"1868\" height=\"2560\" src=\"https:\/\/sportverein-hausen.de\/wp-content\/uploads\/2025\/09\/010-Kontakdaten-Ausschuss-Beate-Endres-scaled.jpg\" alt=\"\" class=\"wp-image-2701\" srcset=\"https:\/\/sportverein-hausen.de\/wp-content\/uploads\/2025\/09\/010-Kontakdaten-Ausschuss-Beate-Endres-scaled.jpg 1868w, https:\/\/sportverein-hausen.de\/wp-content\/uploads\/2025\/09\/010-Kontakdaten-Ausschuss-Beate-Endres-800x1096.jpg 800w, https:\/\/sportverein-hausen.de\/wp-content\/uploads\/2025\/09\/010-Kontakdaten-Ausschuss-Beate-Endres-1280x1754.jpg 1280w, https:\/\/sportverein-hausen.de\/wp-content\/uploads\/2025\/09\/010-Kontakdaten-Ausschuss-Beate-Endres-400x548.jpg 400w, https:\/\/sportverein-hausen.de\/wp-content\/uploads\/2025\/09\/010-Kontakdaten-Ausschuss-Beate-Endres-768x1052.jpg 768w, https:\/\/sportverein-hausen.de\/wp-content\/uploads\/2025\/09\/010-Kontakdaten-Ausschuss-Beate-Endres-1121x1536.jpg 1121w, https:\/\/sportverein-hausen.de\/wp-content\/uploads\/2025\/09\/010-Kontakdaten-Ausschuss-Beate-Endres-1495x2048.jpg 1495w\" sizes=\"auto, (max-width: 1868px) 100vw, 1868px\" \/><\/figure>\n<\/div>\n\n\n\n<div class=\"wp-block-column is-layout-flow wp-block-column-is-layout-flow\">\n<p><strong>Abteilungsleiterin Gymnastik<\/strong><\/p>\n\n\n\n<p><strong>Beate Endres<\/strong><br>E-Mail: gymnastik@sportverein-hausen.de<\/p>\n<\/div>\n<\/div>\n\n\n\n<div class=\"wp-block-columns is-layout-flex wp-container-core-columns-is-layout-9d6595d7 wp-block-columns-is-layout-flex\">\n<div class=\"wp-block-column is-layout-flow wp-block-column-is-layout-flow\">\n<p><strong>Abteilungsleiter Handball<\/strong><\/p>\n\n\n\n<figure class=\"wp-block-image size-full\"><img loading=\"lazy\" decoding=\"async\" width=\"1890\" height=\"2560\" src=\"https:\/\/sportverein-hausen.de\/wp-content\/uploads\/2025\/09\/011-Kontaktdaten-Ausschuss-Marvin-Alf-scaled.jpg\" alt=\"\" class=\"wp-image-2702\" srcset=\"https:\/\/sportverein-hausen.de\/wp-content\/uploads\/2025\/09\/011-Kontaktdaten-Ausschuss-Marvin-Alf-scaled.jpg 1890w, https:\/\/sportverein-hausen.de\/wp-content\/uploads\/2025\/09\/011-Kontaktdaten-Ausschuss-Marvin-Alf-800x1084.jpg 800w, https:\/\/sportverein-hausen.de\/wp-content\/uploads\/2025\/09\/011-Kontaktdaten-Ausschuss-Marvin-Alf-1280x1734.jpg 1280w, https:\/\/sportverein-hausen.de\/wp-content\/uploads\/2025\/09\/011-Kontaktdaten-Ausschuss-Marvin-Alf-400x542.jpg 400w, https:\/\/sportverein-hausen.de\/wp-content\/uploads\/2025\/09\/011-Kontaktdaten-Ausschuss-Marvin-Alf-768x1040.jpg 768w, https:\/\/sportverein-hausen.de\/wp-content\/uploads\/2025\/09\/011-Kontaktdaten-Ausschuss-Marvin-Alf-1134x1536.jpg 1134w, https:\/\/sportverein-hausen.de\/wp-content\/uploads\/2025\/09\/011-Kontaktdaten-Ausschuss-Marvin-Alf-1512x2048.jpg 1512w\" sizes=\"auto, (max-width: 1890px) 100vw, 1890px\" \/><\/figure>\n<\/div>\n\n\n\n<div class=\"wp-block-column is-layout-flow wp-block-column-is-layout-flow\">\n<p><\/p>\n\n\n\n<p><strong>Marvin Alf<\/strong><br>E-Mail: handball@sportverein-hausen.de<\/p>\n<\/div>\n<\/div>\n\n\n\n<h2 class=\"wp-block-heading\">Organigramm<\/h2>\n\n\n\n<figure class=\"wp-block-image size-large\"><img decoding=\"async\" src=\"\/wp-content\/uploads\/2023\/04\/vereinsstruktur-organigramm.jpg\" alt=\"\"\/><\/figure>\n","protected":false},"excerpt":{"rendered":"<p>Herzlich willkommen Als Mitglied des Sportvereins Hausen e.V. profitieren Sie von einer Vielzahl an Sport- und Freizeitangeboten f\u00fcr Jung und Alt. Wir bieten Ihnen flexible Mitgliedschaften (f\u00fcr Jugendliche, Familien, aktive oder passive Mitglieder) zu einem fairen Jahresbeitrag. Laden Sie sich einfach hier den aktuellen Mitgliedsantrag herunter, f\u00fcllen diesen aus und geben ihn bei einem Vertreter&hellip;&nbsp;<a href=\"https:\/\/sportverein-hausen.de\/index.php\/sportverein-hausen\/\" class=\"\" rel=\"bookmark\">Weiterlesen &raquo;<span class=\"screen-reader-text\">Sportverein-Hausen<\/span><\/a><\/p>\n","protected":false},"author":1,"featured_media":2689,"parent":0,"menu_order":0,"comment_status":"closed","ping_status":"closed","template":"","meta":{"neve_meta_sidebar":"","neve_meta_container":"","neve_meta_enable_content_width":"","neve_meta_content_width":0,"neve_meta_title_alignment":"","neve_meta_author_avatar":"","neve_post_elements_order":"","neve_meta_disable_header":"","neve_meta_disable_footer":"","neve_meta_disable_title":"","pgc_sgb_lightbox_settings":"","footnotes":""},"class_list":["post-591","page","type-page","status-publish","has-post-thumbnail","hentry"],"_links":{"self":[{"href":"https:\/\/sportverein-hausen.de\/index.php\/wp-json\/wp\/v2\/pages\/591","targetHints":{"allow":["GET"]}}],"collection":[{"href":"https:\/\/sportverein-hausen.de\/index.php\/wp-json\/wp\/v2\/pages"}],"about":[{"href":"https:\/\/sportverein-hausen.de\/index.php\/wp-json\/wp\/v2\/types\/page"}],"author":[{"embeddable":true,"href":"https:\/\/sportverein-hausen.de\/index.php\/wp-json\/wp\/v2\/users\/1"}],"replies":[{"embeddable":true,"href":"https:\/\/sportverein-hausen.de\/index.php\/wp-json\/wp\/v2\/comments?post=591"}],"version-history":[{"count":45,"href":"https:\/\/sportverein-hausen.de\/index.php\/wp-json\/wp\/v2\/pages\/591\/revisions"}],"predecessor-version":[{"id":2703,"href":"https:\/\/sportverein-hausen.de\/index.php\/wp-json\/wp\/v2\/pages\/591\/revisions\/2703"}],"wp:featuredmedia":[{"embeddable":true,"href":"https:\/\/sportverein-hausen.de\/index.php\/wp-json\/wp\/v2\/media\/2689"}],"wp:attachment":[{"href":"https:\/\/sportverein-hausen.de\/index.php\/wp-json\/wp\/v2\/media?parent=591"}],"curies":[{"name":"wp","href":"https:\/\/api.w.org\/{rel}","templated":true}]}}