{"id":773,"date":"2023-04-17T06:16:13","date_gmt":"2023-04-17T06:16:13","guid":{"rendered":"http:\/\/localhost\/wordpress\/?page_id=773"},"modified":"2023-04-17T06:18:02","modified_gmt":"2023-04-17T06:18:02","slug":"datenschutz","status":"publish","type":"page","link":"https:\/\/sportverein-hausen.de\/index.php\/datenschutz\/","title":{"rendered":"Datenschutz"},"content":{"rendered":"\n<h3 class=\"wp-block-heading\">Der Schutz Ihrer personenbezogenen Daten hat f\u00fcr uns einen sehr hohen Stellenwert.<\/h3>\n\n\n\n<p><strong>Datenschutzerkl\u00e4rung<\/strong><\/p>\n\n\n\n<p>In diesen Datenschutzinformationen informieren wir Sie \u00fcber die wichtigsten Aspekte der Datenverarbeitung im Rahmen unserer Internetseite.<\/p>\n\n\n\n<p>Der Schutz Ihrer pers\u00f6nlichen Daten ist uns ein besonderes Anliegen.<\/p>\n\n\n\n<p>Wir m\u00f6chten Sie dar\u00fcber informieren, dass beim Besuch unserer Internetseite personenbezogene Daten erhoben werden. Personenbezogen sind Daten, die auf Sie pers\u00f6nlich beziehbar sind (z. B. Name, E-Mail, Nutzerverhalten). Wir verarbeiten Ihre Daten ausschlie\u00dflich auf Grundlage der gesetzlichen Bestimmungen (DSGVO, TKG 2003).<br><\/p>\n\n\n\n<p><strong>Allgemeine Erfassung bei Zugriffen<\/strong><\/p>\n\n\n\n<p>Mit jedem Aufruf der Internetseite werden eine Reihe von allgemeinen Daten und Informationen erfasst. Diese allgemeinen Daten und Informationen werden in den Logfiles des Servers gespeichert.<\/p>\n\n\n\n<p>Erfasst werden k\u00f6nnen:<br>\u2022 IP-Adresse<br>\u2022 Datum und Uhrzeit des Zugriffs<br>\u2022 angesteuerte Unterseite<br>\u2022 die Internetseite, von welcher Sie auf unsere Internetseite gelangt sind<br>\u2022 Art des Browsers, sowie dessen Sprache und Version<br>\u2022 Verwendete Betriebssystem<br>\u2022 \u00dcbertragene Datenmenge<\/p>\n\n\n\n<p>Die genannten Daten werden durch uns zu folgenden Zwecken verarbeitet:<br>\u2022 Optimierung der Inhalte der Internetseite<br>\u2022 Gew\u00e4hrleistung reibungsloser Verbindungsaufbau<br>\u2022 Gew\u00e4hrleistung der Systemsicherheit und Stabilit\u00e4t<\/p>\n\n\n\n<p>In keinem Fall verwenden wir die erhobenen Daten zu dem Zweck, R\u00fcckschl\u00fcsse auf Ihre Person zu ziehen. Der Zweck der Datenerhebung liegt in Ihrem und unserem berechtigten Interesse. Die L\u00f6schung dieser Daten erfolgt, wenn diese nicht mehr erforderlich sind und keine gesetzlichen Aufbewahrungspflichten bestehen.<br><\/p>\n\n\n\n<p><strong>Cookies<\/strong><\/p>\n\n\n\n<p>Zus\u00e4tzlich zu diesen Daten nutzen wir \u00fcber unsere Internetseite auch Cookies. Dies sind kleine Textdateien, die nach Besuch unserer Internetseite auf ihrem Rechner (in ihrem Browser) gespeichert werden. Sollten sie unsere Internetseite danach erneut besuchen, so sendet der von ihnen genutzte Browser die in dem Cookie gespeicherten Informationen an unsere Internetseite und kann Ihnen so bspw. die Navigation erleichtern, weil Voreinstellungen \u00fcbernommen werden. Cookies sind kurze Texte, die zwischen Webserver und Browser ausgetauscht werden.<\/p>\n\n\n\n<p>Es wird in tempor\u00e4re und persistente Cookies unterschieden. Tempor\u00e4re Cookies werden beim Schlie\u00dfen des Browsers automatisch gel\u00f6scht und von vielen Servern verwendet. Sie enthalten lediglich eine Identifikationsnummer (Session ID), die es dem Server erlaubt, die aufeinander folgenden Anfragen des Browsers demselben Benutzer zuzuordnen. Permanenten Cookies, die auch von anderen Servern gelesen werden k\u00f6nnen, unterscheiden sich von den tempor\u00e4ren Cookies lediglich dadurch, dass sie beim Schlie\u00dfen des Browsers nicht automatisch gel\u00f6scht werden, sondern erst nach einer voreingestellten Zeit. Sie k\u00f6nnen diese Cookies jedoch jederzeit \u00fcber die Einstellungen Ihres Browsers l\u00f6schen.<\/p>\n\n\n\n<p>Bei Cookies haben Sie die Wahl, ob Sie diese zulassen m\u00f6chten. Sie k\u00f6nnen unsere Internetseite auch ohne den Einsatz von Cookies nutzen, wodurch m\u00f6glicherweise einige Darstellungen und Funktionen unseres Angebots nur eingeschr\u00e4nkt arbeiten. Wenn Sie die Cookies deaktivieren m\u00f6chten, k\u00f6nnen Sie das \u00fcber spezielle Einstellungen Ihres Browsers erreichen. Nutzen Sie dazu am besten die Hilfefunktion Ihres Browsers, um die entsprechenden \u00c4nderungen vorzunehmen.<br><\/p>\n\n\n\n<p><strong>Kontaktaufnahme<\/strong><\/p>\n\n\n\n<p>Wenn Sie mit uns per E-Mail in Kontakt treten, werden die von Ihnen mitgeteilten Daten (E-Mail-Adresse, Name, Telefonnummer) gespeichert, um Ihre Fragen beantworten zu k\u00f6nnen. Diese Daten werden gel\u00f6scht, sobald sie nicht mehr ben\u00f6tigt werden und keine gesetzlichen Aufbewahrungspflichten bestehen. Dritten werden diese Daten nicht zug\u00e4nglich gemacht. Bitte beachten Sie, dass die \u00dcbermittlung aus technischen Gr\u00fcnden nicht verschl\u00fcsselt erfolgt. Senden Sie uns daher bitte keinen vertraulichen Angaben \/ Daten per E-Mail. Bitte haben Sie Verst\u00e4ndnis daf\u00fcr, dass wir f\u00fcr unverlangt zugesendete Daten \/ E-Mails jede Haftung ablehnen. Gleichzeitig empfehlen wir uns keine vertraulichen Angaben \u00fcber Facebook oder Google+ zu \u00fcbermitteln.<br><\/p>\n\n\n\n<p><strong>Inhalte und Dienste von Drittanbietern<\/strong><\/p>\n\n\n\n<p>Das Angebot auf unserer Internetseite umfasst unter Umst\u00e4nden auch Inhalte, Dienste und Leistungen von anderen Anbietern. Dies geschieht gegebenenfalls mit sogenannten Plug-Ins. Plug-Ins sind Software-Erweiterungen oder Zusatzmodule, die die Funktionen unserer Internetseite erweitern. Beispiele f\u00fcr solche Angebote sind Karten von Google-Maps, Facebook Plug-In, Google+ Plug-In, Grafikdarstellungen Dritter etc. Der Aufruf dieser Leistungen von dritter Seite erfordert regelm\u00e4\u00dfig die \u00dcbermittlung Ihrer IP-Adresse. Damit ist es diesen Anbietern m\u00f6glich, Ihre Nutzer-IP-Adresse wahrzunehmen und diese auch zu speichern. Wir bem\u00fchen uns sehr, nur solche Drittanbieter einzubeziehen, die IP-Adressen allein zur Auslieferung der Inhalte nutzen. Wir haben dabei jedoch keinen Einfluss darauf, welcher Drittanbieter gegebenenfalls die IP-Adresse speichert. Diese Speicherung kann zum Beispiel statistischen Zwecken dienen. Sollten wir von Speicherungsvorg\u00e4ngen durch Drittanbieter Kenntnis erlangen, weisen wir unsere Nutzer unverz\u00fcglich auf diese Tatsache in dieser Datenschutzerkl\u00e4rung hin.<br><\/p>\n\n\n\n<p><strong>Facebook Plug-Ins<\/strong><\/p>\n\n\n\n<p>Da auf unserer Internetseite sogenannte Social Plug-Ins des sozialen Netzwerkes facebook.com verwendet werden, m\u00fcssen Sie sich, wenn Sie nicht m\u00f6chten, dass Facebook \u00fcber unsere Internetseite Daten \u00fcber Sie sammelt, bei Facebook ausloggen. Die Plug-Ins werden betrieben von der Facebook Inc., California 94025, 1 Hacker Way, Menlo Park, USA (kurz \u201eFacebook\u201c). Eine \u00dcbersicht \u00fcber die Facebook-Plugins finden Sie unter:&nbsp;<a href=\"http:\/\/developers.facebook.com\/docs\/plugins\/\" target=\"_blank\" rel=\"noreferrer noopener\">http:\/\/developers.facebook.com\/docs\/plugins\/<\/a>.<\/p>\n\n\n\n<p>Die Kennzeichnung der Plug-Ins erfolgt mit dem bekannten Facebook Logo oder einem entsprechenden Zusatz, wie beispielsweise der \u201eGef\u00e4llt mir\u201c- oder \u201eTeilen\u201c-Button von Facebook. Wenn Sie unsere Internetseite aufrufen, baut Ihr Browser eine direkte Verbindung mit den Servern von Facebook auf. Der Inhalt des Plug-Ins wird von Facebook direkt an Ihren Browser \u00fcbermittelt und von diesem in die Internetseite eingebunden. Durch die Einbindung der Plug-Ins erh\u00e4lt Facebook die Information, dass Sie die entsprechende Seite unserer Internetseite aufgerufen haben. Sind Sie bei Facebook eingeloggt, kann Facebook den Besuch Ihrem Facebook-Konto zuordnen. Bitte beachten Sie, dass ein Austausch dieser Information bereits mit dem Besuch unserer Internetseite stattfindet, unabh\u00e4ngig davon, ob Sie mit den Plug-Ins interagieren. Wenn Sie mit den Plug-Ins interagieren, zum Beispiel den \u201eGef\u00e4llt mir\u201c-Button bet\u00e4tigen, wird die entsprechende Information von Ihrem Browser direkt an Facebook \u00fcbermittelt und dort gespeichert. F\u00fcr Facebook wird der Besuch auf unserer Seite Ihrem Benutzerkonto zuordenbar. Dabei haben wir keine Kenntnis dar\u00fcber, welcher Art die Inhalte sind, die an Facebook \u00fcbermittelt werden und wie Facebook diese nutzt. Zweck und Umfang der Datenerhebung und die weitere Verarbeitung und Nutzung der Daten durch Facebook sowie Ihre diesbez\u00fcglichen Rechte und Einstellungsm\u00f6glichkeiten zum Schutz Ihrer Privatsph\u00e4re entnehmen Sie bitte den Datenschutzhinweisen von Facebook unter&nbsp;<a href=\"http:\/\/www.facebook.com\/policy.php\">http:\/\/www.facebook.com\/policy.php<\/a>.<br><\/p>\n\n\n\n<p><strong>Ihre Rechte<\/strong><\/p>\n\n\n\n<p>Sie k\u00f6nnen zu jeder Zeit unentgeltlich und unverz\u00fcglich Auskunft \u00fcber die zu Ihrer Person gespeicherten Daten verlangen. Dar\u00fcber hinaus haben Sie jederzeit das Recht, der weiteren Nutzung Ihrer personenbezogenen Daten f\u00fcr die Zukunft zu widersprechen und die L\u00f6schung oder Sperrung sowie Berichtigung Ihrer Daten zu verlangen. Im Falle eines Auskunftsersuchens m\u00fcssen Sie hinreichende Angaben zu Ihrer Identit\u00e4t machen und einen g\u00fcltigen Nachweis erbringen, dass es sich um Ihre Informationen handelt. Die Auskunft betrifft Daten, die zu Ihrer Person gespeichert wurden, die Herkunft der Daten, den Empf\u00e4nger oder die Kategorien von Empf\u00e4ngern an die Daten \u00fcbermittelt wurden und den Zweck der Speicherung.<\/p>\n\n\n\n<p>Wenn Sie annehmen, dass bei der Erhebung, Verarbeitung oder Nutzung Ihrer pers\u00f6nlichen Daten datenschutzrechtliche Bestimmungen missachtet worden sind und\/ oder Sie in Ihren Rechten verletzt worden sind, k\u00f6nnen Sie sich im Rahmen des Beschwerderechts an die Aufsichtsbeh\u00f6rde oder den Datenschutzbeauftragten in den Bundesl\u00e4ndern wenden. Die Anschriften finden Sie unter:<\/p>\n\n\n\n<p><a href=\"https:\/\/www.bfdi.bund.de\/DE\/Infothek\/Anschriften_Links\/anschriften_links-node.html\">https:\/\/www.bfdi.bund.de\/DE\/Infothek\/Anschriften_Links\/anschriften_links-node.html<\/a><\/p>\n\n\n\n<p><strong><br>Ansprechpartner<\/strong><\/p>\n\n\n\n<p>Zur Wahrnehmung Ihrer Rechte oder bei Fragen und Anmerkungen zum Datenschutz k\u00f6nnen Sie uns jederzeit kontaktieren.<\/p>\n\n\n\n<p>Wenden Sie sich hierzu bitte per E-Mail an:&nbsp;<a href=\"mailto:datenschutz@sportverein-hausen.de\">datenschutz@sportverein-hausen.de<br><\/a><\/p>\n\n\n\n<p><strong>\u00c4nderungsvorbehalt<\/strong><\/p>\n\n\n\n<p>Wir behalten uns vor, diese Datenschutzerkl\u00e4rung unter Beachtung der gesetzlichen Bestimmungen zu \u00e4ndern.Die durch die Seitenbetreiber erstellten Inhalte und Werke auf diesen Seiten unterliegen dem deutschen Urheberrecht. Die Vervielf\u00e4ltigung, Bearbeitung, Verbreitung und jede Art der Verwertung au\u00dferhalb der Grenzen des Urheberrechtes bed\u00fcrfen der schriftlichen Zustimmung des jeweiligen Autors bzw. Erstellers. Downloads und Kopien dieser Seite sind nur f\u00fcr den privaten, nicht kommerziellen Gebrauch gestattet. Soweit die Inhalte auf dieser Seite nicht vom Betreiber erstellt wurden, werden die Urheberrechte Dritter beachtet. Insbesondere werden Inhalte Dritter als solche gekennzeichnet. Sollten Sie trotzdem auf eine Urheberrechtsverletzung aufmerksam werden, bitten wir um einen entsprechenden Hinweis. Bei Bekanntwerden von Rechtsverletzungen werden wir derartige Inhalte umgehend entfernen.<\/p>\n","protected":false},"excerpt":{"rendered":"<p>Der Schutz Ihrer personenbezogenen Daten hat f\u00fcr uns einen sehr hohen Stellenwert. Datenschutzerkl\u00e4rung In diesen Datenschutzinformationen informieren wir Sie \u00fcber die wichtigsten Aspekte der Datenverarbeitung im Rahmen unserer Internetseite. Der Schutz Ihrer pers\u00f6nlichen Daten ist uns ein besonderes Anliegen. Wir m\u00f6chten Sie dar\u00fcber informieren, dass beim Besuch unserer Internetseite personenbezogene Daten erhoben werden. Personenbezogen sind&hellip;&nbsp;<a href=\"https:\/\/sportverein-hausen.de\/index.php\/datenschutz\/\" class=\"\" rel=\"bookmark\">Weiterlesen &raquo;<span class=\"screen-reader-text\">Datenschutz<\/span><\/a><\/p>\n","protected":false},"author":1,"featured_media":376,"parent":0,"menu_order":0,"comment_status":"closed","ping_status":"closed","template":"","meta":{"neve_meta_sidebar":"","neve_meta_container":"","neve_meta_enable_content_width":"","neve_meta_content_width":0,"neve_meta_title_alignment":"","neve_meta_author_avatar":"","neve_post_elements_order":"","neve_meta_disable_header":"","neve_meta_disable_footer":"","neve_meta_disable_title":"","pgc_sgb_lightbox_settings":"","footnotes":""},"class_list":["post-773","page","type-page","status-publish","has-post-thumbnail","hentry"],"_links":{"self":[{"href":"https:\/\/sportverein-hausen.de\/index.php\/wp-json\/wp\/v2\/pages\/773","targetHints":{"allow":["GET"]}}],"collection":[{"href":"https:\/\/sportverein-hausen.de\/index.php\/wp-json\/wp\/v2\/pages"}],"about":[{"href":"https:\/\/sportverein-hausen.de\/index.php\/wp-json\/wp\/v2\/types\/page"}],"author":[{"embeddable":true,"href":"https:\/\/sportverein-hausen.de\/index.php\/wp-json\/wp\/v2\/users\/1"}],"replies":[{"embeddable":true,"href":"https:\/\/sportverein-hausen.de\/index.php\/wp-json\/wp\/v2\/comments?post=773"}],"version-history":[{"count":1,"href":"https:\/\/sportverein-hausen.de\/index.php\/wp-json\/wp\/v2\/pages\/773\/revisions"}],"predecessor-version":[{"id":774,"href":"https:\/\/sportverein-hausen.de\/index.php\/wp-json\/wp\/v2\/pages\/773\/revisions\/774"}],"wp:featuredmedia":[{"embeddable":true,"href":"https:\/\/sportverein-hausen.de\/index.php\/wp-json\/wp\/v2\/media\/376"}],"wp:attachment":[{"href":"https:\/\/sportverein-hausen.de\/index.php\/wp-json\/wp\/v2\/media?parent=773"}],"curies":[{"name":"wp","href":"https:\/\/api.w.org\/{rel}","templated":true}]}}